{"id":11,"date":"2022-04-22T19:08:28","date_gmt":"2022-04-22T19:08:28","guid":{"rendered":"https:\/\/vifran.com.br\/?page_id=11"},"modified":"2025-03-25T22:51:08","modified_gmt":"2025-03-25T22:51:08","slug":"contato","status":"publish","type":"page","link":"https:\/\/vifran.com.br\/index.php\/pagina-inicial\/contato\/","title":{"rendered":"Contato"},"content":{"rendered":"\t\t<div data-elementor-type=\"wp-page\" data-elementor-id=\"11\" class=\"elementor elementor-11\" data-elementor-post-type=\"page\">\n\t\t\t\t\t\t<section class=\"elementor-section elementor-top-section elementor-element elementor-element-397d86b elementor-section-full_width elementor-section-height-min-height elementor-section-items-top elementor-section-content-top elementor-section-stretched elementor-section-height-default\" data-id=\"397d86b\" data-element_type=\"section\" data-e-type=\"section\" data-settings=\"{&quot;stretch_section&quot;:&quot;section-stretched&quot;,&quot;background_background&quot;:&quot;classic&quot;}\">\n\t\t\t\t\t\t<div class=\"elementor-container elementor-column-gap-no\">\n\t\t\t\t\t<div class=\"elementor-column elementor-col-100 elementor-top-column elementor-element elementor-element-efb842d\" data-id=\"efb842d\" data-element_type=\"column\" data-e-type=\"column\">\n\t\t\t<div class=\"elementor-widget-wrap elementor-element-populated\">\n\t\t\t\t\t\t<div class=\"elementor-element elementor-element-5f6d057 elementor-headline--style-rotate elementor-widget elementor-widget-animated-headline\" data-id=\"5f6d057\" data-element_type=\"widget\" data-e-type=\"widget\" data-settings=\"{&quot;headline_style&quot;:&quot;rotate&quot;,&quot;rotating_text&quot;:&quot;um consultor especializado\\na nossa equipe\\na gente&quot;,&quot;rotate_iteration_delay&quot;:1000,&quot;animation_type&quot;:&quot;typing&quot;,&quot;loop&quot;:&quot;yes&quot;}\" data-widget_type=\"animated-headline.default\">\n\t\t\t\t<div class=\"elementor-widget-container\">\n\t\t\t\t\t\t\t<h1 class=\"elementor-headline elementor-headline-animation-type-typing elementor-headline-letters\">\n\t\t\t\t\t<span class=\"elementor-headline-plain-text elementor-headline-text-wrapper\">Fale com<\/span>\n\t\t\t\t<span class=\"elementor-headline-dynamic-wrapper elementor-headline-text-wrapper\">\n\t\t\t\t\t<span class=\"elementor-headline-dynamic-text elementor-headline-text-active\">\n\t\t\t\tum&nbsp;consultor&nbsp;especializado\t\t\t<\/span>\n\t\t\t\t\t<span class=\"elementor-headline-dynamic-text\">\n\t\t\t\ta&nbsp;nossa&nbsp;equipe\t\t\t<\/span>\n\t\t\t\t\t<span class=\"elementor-headline-dynamic-text\">\n\t\t\t\ta&nbsp;gente\t\t\t<\/span>\n\t\t\t\t\t\t<\/span>\n\t\t\t\t<\/h1>\n\t\t\t\t\t\t<\/div>\n\t\t\t\t<\/div>\n\t\t\t\t<div class=\"elementor-element elementor-element-3f18d11 elementor-widget elementor-widget-text-editor\" data-id=\"3f18d11\" data-element_type=\"widget\" data-e-type=\"widget\" data-widget_type=\"text-editor.default\">\n\t\t\t\t<div class=\"elementor-widget-container\">\n\t\t\t\t\t\t\t\t\t<p>N\u00f3s queremos tornar a sua marca encantadora! Por isso, o contato com o cliente \u00e9 a nossa prioridade. Venha conversar com a gente.<\/p>\t\t\t\t\t\t\t\t<\/div>\n\t\t\t\t<\/div>\n\t\t\t\t<div class=\"elementor-element elementor-element-3214f29 elementor-align-center e-transform elementor-invisible elementor-widget elementor-widget-button\" data-id=\"3214f29\" data-element_type=\"widget\" data-e-type=\"widget\" data-settings=\"{&quot;_animation&quot;:&quot;fadeInDown&quot;,&quot;_transform_translateY_effect_hover&quot;:{&quot;unit&quot;:&quot;px&quot;,&quot;size&quot;:10,&quot;sizes&quot;:[]},&quot;_transform_translateX_effect_hover&quot;:{&quot;unit&quot;:&quot;px&quot;,&quot;size&quot;:&quot;&quot;,&quot;sizes&quot;:[]},&quot;_transform_translateX_effect_hover_tablet&quot;:{&quot;unit&quot;:&quot;px&quot;,&quot;size&quot;:&quot;&quot;,&quot;sizes&quot;:[]},&quot;_transform_translateX_effect_hover_mobile&quot;:{&quot;unit&quot;:&quot;px&quot;,&quot;size&quot;:&quot;&quot;,&quot;sizes&quot;:[]},&quot;_transform_translateY_effect_hover_tablet&quot;:{&quot;unit&quot;:&quot;px&quot;,&quot;size&quot;:&quot;&quot;,&quot;sizes&quot;:[]},&quot;_transform_translateY_effect_hover_mobile&quot;:{&quot;unit&quot;:&quot;px&quot;,&quot;size&quot;:&quot;&quot;,&quot;sizes&quot;:[]}}\" data-widget_type=\"button.default\">\n\t\t\t\t<div class=\"elementor-widget-container\">\n\t\t\t\t\t\t\t\t\t<div class=\"elementor-button-wrapper\">\n\t\t\t\t\t<a class=\"elementor-button elementor-button-link elementor-size-sm\" href=\"#\">\n\t\t\t\t\t\t<span class=\"elementor-button-content-wrapper\">\n\t\t\t\t\t\t<span class=\"elementor-button-icon\">\n\t\t\t\t<i aria-hidden=\"true\" class=\"fas fa-arrow-down\"><\/i>\t\t\t<\/span>\n\t\t\t\t\t\t\t\t<\/span>\n\t\t\t\t\t<\/a>\n\t\t\t\t<\/div>\n\t\t\t\t\t\t\t\t<\/div>\n\t\t\t\t<\/div>\n\t\t\t\t\t<\/div>\n\t\t<\/div>\n\t\t\t\t\t<\/div>\n\t\t<\/section>\n\t\t\t\t<section class=\"elementor-section elementor-top-section elementor-element elementor-element-992de elementor-section-boxed elementor-section-height-default elementor-section-height-default\" data-id=\"992de\" data-element_type=\"section\" data-e-type=\"section\" data-settings=\"{&quot;background_background&quot;:&quot;classic&quot;}\">\n\t\t\t\t\t\t<div class=\"elementor-container elementor-column-gap-default\">\n\t\t\t\t\t<div class=\"elementor-column elementor-col-100 elementor-top-column elementor-element elementor-element-5f9e00a9\" data-id=\"5f9e00a9\" data-element_type=\"column\" data-e-type=\"column\">\n\t\t\t<div class=\"elementor-widget-wrap elementor-element-populated\">\n\t\t\t\t\t\t<div class=\"elementor-element elementor-element-5ff63636 elementor-widget elementor-widget-heading\" data-id=\"5ff63636\" data-element_type=\"widget\" data-e-type=\"widget\" data-widget_type=\"heading.default\">\n\t\t\t\t<div class=\"elementor-widget-container\">\n\t\t\t\t\t<h2 class=\"elementor-heading-title elementor-size-default\">Solicite um or\u00e7amento<\/h2>\t\t\t\t<\/div>\n\t\t\t\t<\/div>\n\t\t\t\t<div class=\"elementor-element elementor-element-34931d88 elementor-widget elementor-widget-text-editor\" data-id=\"34931d88\" data-element_type=\"widget\" data-e-type=\"widget\" data-widget_type=\"text-editor.default\">\n\t\t\t\t<div class=\"elementor-widget-container\">\n\t\t\t\t\t\t\t\t\t<p><\/p>\n<p>Preencha o formul\u00e1rio que n\u00f3s responderemos o mais r\u00e1pido poss\u00edvel.<\/p>\n<p><\/p>\t\t\t\t\t\t\t\t<\/div>\n\t\t\t\t<\/div>\n\t\t\t\t<div class=\"elementor-element elementor-element-0389ac6 elementor-widget elementor-widget-text-editor\" data-id=\"0389ac6\" data-element_type=\"widget\" data-e-type=\"widget\" data-widget_type=\"text-editor.default\">\n\t\t\t\t<div class=\"elementor-widget-container\">\n\t\t\t\t\t\t\t\t\t<p><\/p>\n<p><b>Trabalhamos com pedido m\u00ednimo de 1000 unidades (Caixa Premium 500 unidades) <br \/><\/b>Essa quantidade \u00e9 necess\u00e1ria para garantir a efici\u00eancia da produ\u00e7\u00e3o e oferecer pre\u00e7os competitivos aos nossos clientes. <br \/>\u00a0<\/p>\n<p><\/p>\t\t\t\t\t\t\t\t<\/div>\n\t\t\t\t<\/div>\n\t\t\t\t<div class=\"elementor-element elementor-element-6612273 ekit_wpForms_container-form-button-custom elementor-widget elementor-widget-elementskit-wp-forms\" data-id=\"6612273\" data-element_type=\"widget\" data-e-type=\"widget\" data-widget_type=\"elementskit-wp-forms.default\">\n\t\t\t\t<div class=\"elementor-widget-container\">\n\t\t\t\t\t<div class=\"ekit-wid-con ekit_wpForms_container\"><div class=\"wpforms-container wpforms-container-full\" id=\"wpforms-1412\"><form id=\"wpforms-form-1412\" class=\"wpforms-validate wpforms-form wpforms-ajax-form\" data-formid=\"1412\" method=\"post\" enctype=\"multipart\/form-data\" action=\"\/index.php\/pagina-inicial\/contato\/\" data-token=\"1dd44753295ea58af77edde5923e2464\" data-token-time=\"1775755369\"><noscript class=\"wpforms-error-noscript\">Ative o JavaScript no seu navegador para preencher este formul\u00e1rio.<\/noscript><div class=\"wpforms-field-container\"><div id=\"wpforms-1412-field_1-container\" class=\"wpforms-field wpforms-field-name\" data-field-id=\"1\"><label class=\"wpforms-field-label\" for=\"wpforms-1412-field_1\">Nome <span class=\"wpforms-required-label\">*<\/span><\/label><input type=\"text\" id=\"wpforms-1412-field_1\" class=\"wpforms-field-large wpforms-field-required\" name=\"wpforms[fields][1]\" required><\/div><div id=\"wpforms-1412-field_3-container\" class=\"wpforms-field wpforms-field-email\" data-field-id=\"3\"><label class=\"wpforms-field-label\" for=\"wpforms-1412-field_3\">E-mail <span class=\"wpforms-required-label\">*<\/span><\/label><input type=\"email\" id=\"wpforms-1412-field_3\" class=\"wpforms-field-large wpforms-field-required\" name=\"wpforms[fields][3]\" spellcheck=\"false\" required><\/div><div id=\"wpforms-1412-field_6-container\" class=\"wpforms-field wpforms-field-name\" data-field-id=\"6\"><label class=\"wpforms-field-label\" for=\"wpforms-1412-field_6\">Assunto<\/label><input type=\"text\" id=\"wpforms-1412-field_6\" class=\"wpforms-field-large\" name=\"wpforms[fields][6]\" ><\/div><div id=\"wpforms-1412-field_7-container\" class=\"wpforms-field wpforms-field-name\" data-field-id=\"7\"><label class=\"wpforms-field-label\" for=\"wpforms-1412-field_7\">Site<\/label><input type=\"text\" id=\"wpforms-1412-field_7\" class=\"wpforms-field-large\" name=\"wpforms[fields][7]\" ><\/div><div id=\"wpforms-1412-field_2-container\" class=\"wpforms-field wpforms-field-text wpforms-one-half wpforms-first\" data-field-id=\"2\"><label class=\"wpforms-field-label\" for=\"wpforms-1412-field_2\">Telefone<\/label><input type=\"text\" id=\"wpforms-1412-field_2\" class=\"wpforms-field-medium\" name=\"wpforms[fields][2]\" ><\/div><div id=\"wpforms-1412-field_8-container\" class=\"wpforms-field wpforms-field-select wpforms-one-half wpforms-field-select-style-classic\" data-field-id=\"8\"><label class=\"wpforms-field-label\" for=\"wpforms-1412-field_8\">Estado<\/label><select id=\"wpforms-1412-field_8\" class=\"wpforms-field-medium\" name=\"wpforms[fields][8]\"><option value=\"-\"  class=\"choice-31 depth-1\"  >-<\/option><option value=\"Acre\"  class=\"choice-4 depth-1\"  >Acre<\/option><option value=\"Alagoas\"  class=\"choice-5 depth-1\"  >Alagoas<\/option><option value=\"Amap\u00e1\"  class=\"choice-6 depth-1\"  >Amap\u00e1<\/option><option value=\"Amazonas\"  class=\"choice-7 depth-1\"  >Amazonas<\/option><option value=\"Bahia\"  class=\"choice-8 depth-1\"  >Bahia<\/option><option value=\"Cear\u00e1\"  class=\"choice-9 depth-1\"  >Cear\u00e1<\/option><option value=\"Distrito Federal\"  class=\"choice-10 depth-1\"  >Distrito Federal<\/option><option value=\"Esp\u00edrito Santo\"  class=\"choice-11 depth-1\"  >Esp\u00edrito Santo<\/option><option value=\"Goi\u00e1s\"  class=\"choice-12 depth-1\"  >Goi\u00e1s<\/option><option value=\"Maranh\u00e3o\"  class=\"choice-13 depth-1\"  >Maranh\u00e3o<\/option><option value=\"Mato Grosso\"  class=\"choice-14 depth-1\"  >Mato Grosso<\/option><option value=\"Mato Grosso do Sul\"  class=\"choice-15 depth-1\"  >Mato Grosso do Sul<\/option><option value=\"Minas Gerais\"  class=\"choice-16 depth-1\"  >Minas Gerais<\/option><option value=\"Par\u00e1\"  class=\"choice-17 depth-1\"  >Par\u00e1<\/option><option value=\"Para\u00edba\"  class=\"choice-18 depth-1\"  >Para\u00edba<\/option><option value=\"Paran\u00e1\"  class=\"choice-19 depth-1\"  >Paran\u00e1<\/option><option value=\"Pernambuco\"  class=\"choice-20 depth-1\"  >Pernambuco<\/option><option value=\"Piau\u00ed\"  class=\"choice-21 depth-1\"  >Piau\u00ed<\/option><option value=\"Rio de Janeiro\"  class=\"choice-22 depth-1\"  >Rio de Janeiro<\/option><option value=\"Rio Grande do Norte\"  class=\"choice-23 depth-1\"  >Rio Grande do Norte<\/option><option value=\"Rio Grande do Sul\"  class=\"choice-24 depth-1\"  >Rio Grande do Sul<\/option><option value=\"Rond\u00f4nia\"  class=\"choice-25 depth-1\"  >Rond\u00f4nia<\/option><option value=\"Roraima\"  class=\"choice-26 depth-1\"  >Roraima<\/option><option value=\"Santa Catarina\"  class=\"choice-27 depth-1\"  >Santa Catarina<\/option><option value=\"S\u00e3o Paulo\"  class=\"choice-28 depth-1\"  >S\u00e3o Paulo<\/option><option value=\"Sergipe\"  class=\"choice-29 depth-1\"  >Sergipe<\/option><option value=\"Tocantins\"  class=\"choice-30 depth-1\"  >Tocantins<\/option><\/select><\/div><div id=\"wpforms-1412-field_4-container\" class=\"wpforms-field wpforms-field-textarea\" data-field-id=\"4\"><label class=\"wpforms-field-label\" for=\"wpforms-1412-field_4\">Mensagem <span class=\"wpforms-required-label\">*<\/span><\/label><textarea id=\"wpforms-1412-field_4\" class=\"wpforms-field-medium wpforms-field-required\" name=\"wpforms[fields][4]\" required><\/textarea><\/div><\/div><!-- .wpforms-field-container --><div class=\"wpforms-submit-container\" ><input type=\"hidden\" name=\"wpforms[id]\" value=\"1412\"><input type=\"hidden\" name=\"page_title\" value=\"Contato\"><input type=\"hidden\" name=\"page_url\" value=\"https:\/\/vifran.com.br\/index.php\/pagina-inicial\/contato\/\"><input type=\"hidden\" name=\"url_referer\" value=\"https:\/\/vifran.com.br\/index.php\/pagina-inicial\/produtos\/sacola-automatica\/\"><input type=\"hidden\" name=\"page_id\" value=\"11\"><input type=\"hidden\" name=\"wpforms[post_id]\" value=\"11\"><button type=\"submit\" name=\"wpforms[submit]\" id=\"wpforms-submit-1412\" class=\"wpforms-submit\" data-alt-text=\"Enviando...\" data-submit-text=\"Enviar\" aria-live=\"assertive\" value=\"wpforms-submit\">Enviar<\/button><img decoding=\"async\" data-src=\"https:\/\/vifran.com.br\/wp-content\/plugins\/wpforms-lite\/assets\/images\/submit-spin.svg\" class=\"wpforms-submit-spinner lazyload\" style=\"--smush-placeholder-width: 26px; --smush-placeholder-aspect-ratio: 26\/26;display: none;\" width=\"26\" height=\"26\" alt=\"Carregando\" src=\"data:image\/svg+xml;base64,PHN2ZyB3aWR0aD0iMSIgaGVpZ2h0PSIxIiB4bWxucz0iaHR0cDovL3d3dy53My5vcmcvMjAwMC9zdmciPjwvc3ZnPg==\"><\/div><\/form><\/div>  <!-- .wpforms-container --><\/div>\t\t\t\t<\/div>\n\t\t\t\t<\/div>\n\t\t\t\t\t<\/div>\n\t\t<\/div>\n\t\t\t\t\t<\/div>\n\t\t<\/section>\n\t\t\t\t<section class=\"elementor-section elementor-top-section elementor-element elementor-element-1afcdf1 elementor-section-boxed elementor-section-height-default elementor-section-height-default\" data-id=\"1afcdf1\" data-element_type=\"section\" data-e-type=\"section\" data-settings=\"{&quot;background_background&quot;:&quot;classic&quot;}\">\n\t\t\t\t\t\t<div class=\"elementor-container elementor-column-gap-default\">\n\t\t\t\t\t<div class=\"elementor-column elementor-col-100 elementor-top-column elementor-element elementor-element-f7365b2\" data-id=\"f7365b2\" data-element_type=\"column\" data-e-type=\"column\">\n\t\t\t<div class=\"elementor-widget-wrap elementor-element-populated\">\n\t\t\t\t\t\t<div class=\"elementor-element elementor-element-d304f87 elementor-widget elementor-widget-heading\" data-id=\"d304f87\" data-element_type=\"widget\" data-e-type=\"widget\" data-widget_type=\"heading.default\">\n\t\t\t\t<div class=\"elementor-widget-container\">\n\t\t\t\t\t<h2 class=\"elementor-heading-title elementor-size-default\">11 5070 0130<\/h2>\t\t\t\t<\/div>\n\t\t\t\t<\/div>\n\t\t\t\t<div class=\"elementor-element elementor-element-7467bea elementor-align-center e-transform elementor-widget elementor-widget-button\" data-id=\"7467bea\" data-element_type=\"widget\" data-e-type=\"widget\" data-settings=\"{&quot;_transform_scale_effect_mobile&quot;:{&quot;unit&quot;:&quot;px&quot;,&quot;size&quot;:1.3000000000000000444089209850062616169452667236328125,&quot;sizes&quot;:[]},&quot;_transform_scale_effect&quot;:{&quot;unit&quot;:&quot;px&quot;,&quot;size&quot;:&quot;&quot;,&quot;sizes&quot;:[]},&quot;_transform_scale_effect_tablet&quot;:{&quot;unit&quot;:&quot;px&quot;,&quot;size&quot;:&quot;&quot;,&quot;sizes&quot;:[]}}\" data-widget_type=\"button.default\">\n\t\t\t\t<div class=\"elementor-widget-container\">\n\t\t\t\t\t\t\t\t\t<div class=\"elementor-button-wrapper\">\n\t\t\t\t\t<a class=\"elementor-button elementor-button-link elementor-size-xl\" href=\"https:\/\/api.whatsapp.com\/send?phone=5511947770111\" target=\"_blank\">\n\t\t\t\t\t\t<span class=\"elementor-button-content-wrapper\">\n\t\t\t\t\t\t<span class=\"elementor-button-icon\">\n\t\t\t\t<i aria-hidden=\"true\" class=\"fab fa-whatsapp\"><\/i>\t\t\t<\/span>\n\t\t\t\t\t\t\t\t\t<span class=\"elementor-button-text\">11 94777 0111<\/span>\n\t\t\t\t\t<\/span>\n\t\t\t\t\t<\/a>\n\t\t\t\t<\/div>\n\t\t\t\t\t\t\t\t<\/div>\n\t\t\t\t<\/div>\n\t\t\t\t<div class=\"elementor-element elementor-element-f49381a elementor-widget elementor-widget-text-editor\" data-id=\"f49381a\" data-element_type=\"widget\" data-e-type=\"widget\" data-widget_type=\"text-editor.default\">\n\t\t\t\t<div class=\"elementor-widget-container\">\n\t\t\t\t\t\t\t\t\t\n<p>Av. Fagundes Filho 191 Vila Monte Alegre SP CEP: 04304-010<\/p>\n\t\t\t\t\t\t\t\t<\/div>\n\t\t\t\t<\/div>\n\t\t\t\t\t<\/div>\n\t\t<\/div>\n\t\t\t\t\t<\/div>\n\t\t<\/section>\n\t\t<div class=\"elementor-element elementor-element-ff40317 e-con-full e-flex e-con e-parent\" data-id=\"ff40317\" data-element_type=\"container\" data-e-type=\"container\">\n\t\t\t\t<div class=\"elementor-element elementor-element-034ca77 elementor-widget elementor-widget-google_maps\" data-id=\"034ca77\" data-element_type=\"widget\" data-e-type=\"widget\" data-widget_type=\"google_maps.default\">\n\t\t\t\t<div class=\"elementor-widget-container\">\n\t\t\t\t\t\t\t<div class=\"elementor-custom-embed\">\n\t\t\t<iframe\n\t\t\t\t\tdata-src=\"https:\/\/maps.google.com\/maps?q=Av.%20Fagundes%20Filho%20191%20Vila%20Monte%20Alegre%20SP%20CEP%3A%2004304-010&#038;t=m&#038;z=10&#038;output=embed&#038;iwloc=near\"\n\t\t\t\t\ttitle=\"Av. Fagundes Filho 191 Vila Monte Alegre SP CEP: 04304-010\"\n\t\t\t\t\taria-label=\"Av. Fagundes Filho 191 Vila Monte Alegre SP CEP: 04304-010\"\n\t\t\t src=\"data:image\/svg+xml;base64,PHN2ZyB3aWR0aD0iMSIgaGVpZ2h0PSIxIiB4bWxucz0iaHR0cDovL3d3dy53My5vcmcvMjAwMC9zdmciPjwvc3ZnPg==\" class=\"lazyload\" data-load-mode=\"1\"><\/iframe>\n\t\t<\/div>\n\t\t\t\t\t\t<\/div>\n\t\t\t\t<\/div>\n\t\t\t\t<\/div>\n\t\t\t\t<\/div>\n\t\t","protected":false},"excerpt":{"rendered":"<p>Fale com um&nbsp;consultor&nbsp;especializado a&nbsp;nossa&nbsp;equipe a&nbsp;gente N\u00f3s queremos tornar a sua marca encantadora! Por isso, o contato com o cliente \u00e9 a nossa prioridade. Venha conversar com a gente. Solicite um or\u00e7amento Preencha o formul\u00e1rio que n\u00f3s responderemos o mais r\u00e1pido poss\u00edvel. Trabalhamos com pedido m\u00ednimo de 1000 unidades (Caixa Premium 500 unidades) Essa quantidade \u00e9 [&hellip;]<\/p>\n","protected":false},"author":1,"featured_media":0,"parent":9,"menu_order":0,"comment_status":"closed","ping_status":"closed","template":"","meta":{"inline_featured_image":false,"footnotes":""},"class_list":["post-11","page","type-page","status-publish","hentry"],"_links":{"self":[{"href":"https:\/\/vifran.com.br\/index.php\/wp-json\/wp\/v2\/pages\/11","targetHints":{"allow":["GET"]}}],"collection":[{"href":"https:\/\/vifran.com.br\/index.php\/wp-json\/wp\/v2\/pages"}],"about":[{"href":"https:\/\/vifran.com.br\/index.php\/wp-json\/wp\/v2\/types\/page"}],"author":[{"embeddable":true,"href":"https:\/\/vifran.com.br\/index.php\/wp-json\/wp\/v2\/users\/1"}],"replies":[{"embeddable":true,"href":"https:\/\/vifran.com.br\/index.php\/wp-json\/wp\/v2\/comments?post=11"}],"version-history":[{"count":170,"href":"https:\/\/vifran.com.br\/index.php\/wp-json\/wp\/v2\/pages\/11\/revisions"}],"predecessor-version":[{"id":4001,"href":"https:\/\/vifran.com.br\/index.php\/wp-json\/wp\/v2\/pages\/11\/revisions\/4001"}],"up":[{"embeddable":true,"href":"https:\/\/vifran.com.br\/index.php\/wp-json\/wp\/v2\/pages\/9"}],"wp:attachment":[{"href":"https:\/\/vifran.com.br\/index.php\/wp-json\/wp\/v2\/media?parent=11"}],"curies":[{"name":"wp","href":"https:\/\/api.w.org\/{rel}","templated":true}]}}