{"id":2325,"date":"2023-07-03T06:54:22","date_gmt":"2023-07-03T06:54:22","guid":{"rendered":"https:\/\/vifran.com.br\/?page_id=2325"},"modified":"2025-03-25T18:19:22","modified_gmt":"2025-03-25T18:19:22","slug":"sacola-complet","status":"publish","type":"page","link":"https:\/\/vifran.com.br\/index.php\/pagina-inicial\/produtos\/sacola-complet\/","title":{"rendered":"Sacola Complet"},"content":{"rendered":"\t\t<div data-elementor-type=\"wp-page\" data-elementor-id=\"2325\" class=\"elementor elementor-2325\" data-elementor-post-type=\"page\">\n\t\t\t\t\t\t<section class=\"elementor-section elementor-top-section elementor-element elementor-element-3ba39868 elementor-section-full_width elementor-section-height-min-height elementor-section-items-stretch elementor-section-content-top elementor-section-stretched elementor-section-height-default\" data-id=\"3ba39868\" data-element_type=\"section\" data-e-type=\"section\" data-settings=\"{&quot;stretch_section&quot;:&quot;section-stretched&quot;,&quot;background_background&quot;:&quot;classic&quot;}\">\n\t\t\t\t\t\t<div class=\"elementor-container elementor-column-gap-no\">\n\t\t\t\t\t<div class=\"elementor-column elementor-col-100 elementor-top-column elementor-element elementor-element-5c6aba0f\" data-id=\"5c6aba0f\" data-element_type=\"column\" data-e-type=\"column\">\n\t\t\t<div class=\"elementor-widget-wrap elementor-element-populated\">\n\t\t\t\t\t\t<div class=\"elementor-element elementor-element-64beaef8 elementor-headline--style-rotate elementor-widget__width-inherit elementor-widget elementor-widget-animated-headline\" data-id=\"64beaef8\" data-element_type=\"widget\" data-e-type=\"widget\" data-settings=\"{&quot;headline_style&quot;:&quot;rotate&quot;,&quot;rotate_iteration_delay&quot;:1000,&quot;animation_type&quot;:&quot;typing&quot;,&quot;loop&quot;:&quot;yes&quot;}\" data-widget_type=\"animated-headline.default\">\n\t\t\t\t<div class=\"elementor-widget-container\">\n\t\t\t\t\t\t\t<h1 class=\"elementor-headline elementor-headline-animation-type-typing elementor-headline-letters\">\n\t\t\t\t\t<span class=\"elementor-headline-plain-text elementor-headline-text-wrapper\">Sacola Complet<\/span>\n\t\t\t\t<span class=\"elementor-headline-dynamic-wrapper elementor-headline-text-wrapper\">\n\t\t\t\t<\/span>\n\t\t\t\t<\/h1>\n\t\t\t\t\t\t<\/div>\n\t\t\t\t<\/div>\n\t\t\t\t<div class=\"elementor-element elementor-element-dec6f8a elementor-widget elementor-widget-text-editor\" data-id=\"dec6f8a\" data-element_type=\"widget\" data-e-type=\"widget\" data-widget_type=\"text-editor.default\">\n\t\t\t\t<div class=\"elementor-widget-container\">\n\t\t\t\t\t\t\t\t\t<p>Personaliza\u00e7\u00e3o com qualidade e \u00f3timo custo-benef\u00edcio com as Sacolas Complet Vifran.<\/p>\t\t\t\t\t\t\t\t<\/div>\n\t\t\t\t<\/div>\n\t\t\t\t\t<\/div>\n\t\t<\/div>\n\t\t\t\t\t<\/div>\n\t\t<\/section>\n\t\t\t\t<section class=\"elementor-section elementor-top-section elementor-element elementor-element-b6b1a4a elementor-section-full_width elementor-section-items-stretch elementor-section-content-top elementor-section-stretched elementor-section-height-min-height elementor-section-height-default\" data-id=\"b6b1a4a\" data-element_type=\"section\" data-e-type=\"section\" data-settings=\"{&quot;stretch_section&quot;:&quot;section-stretched&quot;,&quot;background_background&quot;:&quot;classic&quot;}\">\n\t\t\t\t\t\t<div class=\"elementor-container elementor-column-gap-no\">\n\t\t\t\t\t<div class=\"elementor-column elementor-col-100 elementor-top-column elementor-element elementor-element-f2b9a35\" data-id=\"f2b9a35\" data-element_type=\"column\" data-e-type=\"column\">\n\t\t\t<div class=\"elementor-widget-wrap elementor-element-populated\">\n\t\t\t\t\t\t<div class=\"elementor-element elementor-element-29cce8db elementor-align-center e-transform elementor-invisible elementor-widget elementor-widget-button\" data-id=\"29cce8db\" data-element_type=\"widget\" data-e-type=\"widget\" data-settings=\"{&quot;_animation&quot;:&quot;fadeInDown&quot;,&quot;_transform_translateY_effect_hover&quot;:{&quot;unit&quot;:&quot;px&quot;,&quot;size&quot;:10,&quot;sizes&quot;:[]},&quot;_transform_translateX_effect_hover&quot;:{&quot;unit&quot;:&quot;px&quot;,&quot;size&quot;:&quot;&quot;,&quot;sizes&quot;:[]},&quot;_transform_translateX_effect_hover_tablet&quot;:{&quot;unit&quot;:&quot;px&quot;,&quot;size&quot;:&quot;&quot;,&quot;sizes&quot;:[]},&quot;_transform_translateX_effect_hover_mobile&quot;:{&quot;unit&quot;:&quot;px&quot;,&quot;size&quot;:&quot;&quot;,&quot;sizes&quot;:[]},&quot;_transform_translateY_effect_hover_tablet&quot;:{&quot;unit&quot;:&quot;px&quot;,&quot;size&quot;:&quot;&quot;,&quot;sizes&quot;:[]},&quot;_transform_translateY_effect_hover_mobile&quot;:{&quot;unit&quot;:&quot;px&quot;,&quot;size&quot;:&quot;&quot;,&quot;sizes&quot;:[]}}\" data-widget_type=\"button.default\">\n\t\t\t\t<div class=\"elementor-widget-container\">\n\t\t\t\t\t\t\t\t\t<div class=\"elementor-button-wrapper\">\n\t\t\t\t\t<a class=\"elementor-button elementor-button-link elementor-size-sm\" href=\"https:\/\/vifran.com.br\/index.php\/sacola-complet\/#inicio\">\n\t\t\t\t\t\t<span class=\"elementor-button-content-wrapper\">\n\t\t\t\t\t\t<span class=\"elementor-button-icon\">\n\t\t\t\t<i aria-hidden=\"true\" class=\"fas fa-arrow-down\"><\/i>\t\t\t<\/span>\n\t\t\t\t\t\t\t\t<\/span>\n\t\t\t\t\t<\/a>\n\t\t\t\t<\/div>\n\t\t\t\t\t\t\t\t<\/div>\n\t\t\t\t<\/div>\n\t\t\t\t\t<\/div>\n\t\t<\/div>\n\t\t\t\t\t<\/div>\n\t\t<\/section>\n\t\t\t\t<section class=\"elementor-section elementor-top-section elementor-element elementor-element-69010110 elementor-section-boxed elementor-section-height-default elementor-section-height-default\" data-id=\"69010110\" data-element_type=\"section\" data-e-type=\"section\" id=\"inicio\">\n\t\t\t\t\t\t<div class=\"elementor-container elementor-column-gap-default\">\n\t\t\t\t\t<div class=\"elementor-column elementor-col-50 elementor-top-column elementor-element elementor-element-625fa979\" data-id=\"625fa979\" data-element_type=\"column\" data-e-type=\"column\">\n\t\t\t<div class=\"elementor-widget-wrap elementor-element-populated\">\n\t\t\t\t\t\t<div class=\"elementor-element elementor-element-216e1334 elementor-widget elementor-widget-heading\" data-id=\"216e1334\" data-element_type=\"widget\" data-e-type=\"widget\" data-widget_type=\"heading.default\">\n\t\t\t\t<div class=\"elementor-widget-container\">\n\t\t\t\t\t<h2 class=\"elementor-heading-title elementor-size-default\">Sacola Complet<\/h2>\t\t\t\t<\/div>\n\t\t\t\t<\/div>\n\t\t\t\t<div class=\"elementor-element elementor-element-4a6833ef elementor-widget elementor-widget-text-editor\" data-id=\"4a6833ef\" data-element_type=\"widget\" data-e-type=\"widget\" data-widget_type=\"text-editor.default\">\n\t\t\t\t<div class=\"elementor-widget-container\">\n\t\t\t\t\t\t\t\t\t<p>Temos dispon\u00edveis Offset 120g, 150g, 180g e Kraft 120g, 140g, que proporcionam diferentes acabamentos, como aplica\u00e7\u00e3o de Hot-Stamping, relevo, plastifica\u00e7\u00e3o, lamina\u00e7\u00e3o e gofragens. <br>Para este modelo oferecemos al\u00e7as de papel torcido e gorgur\u00e3o engomado que confere um toque especial em embalagens personalizadas. <br>A Sacola Complet permite atuar com baixa gramatura de papel, podendo aplicar diferentes acabamentos.<br><br><\/p>\t\t\t\t\t\t\t\t<\/div>\n\t\t\t\t<\/div>\n\t\t\t\t\t<\/div>\n\t\t<\/div>\n\t\t\t\t<div class=\"elementor-column elementor-col-50 elementor-top-column elementor-element elementor-element-6550268b\" data-id=\"6550268b\" data-element_type=\"column\" data-e-type=\"column\">\n\t\t\t<div class=\"elementor-widget-wrap elementor-element-populated\">\n\t\t\t\t\t\t<div class=\"elementor-element elementor-element-6e83c96 elementor-widget elementor-widget-image\" data-id=\"6e83c96\" data-element_type=\"widget\" data-e-type=\"widget\" data-widget_type=\"image.default\">\n\t\t\t\t<div class=\"elementor-widget-container\">\n\t\t\t\t\t\t\t\t\t\t\t\t\t\t\t<img decoding=\"async\" data-src=\"https:\/\/vifran.com.br\/wp-content\/uploads\/2023\/07\/Placement-Area-ASSETsmallSIZEDefaultSTATEDEFAULT-7.jpg\" title=\"Placement Area [ASSETsmall][SIZEDefault][STATEDEFAULT]\" alt=\"Placement Area [ASSETsmall][SIZEDefault][STATEDEFAULT]\" src=\"data:image\/svg+xml;base64,PHN2ZyB3aWR0aD0iMSIgaGVpZ2h0PSIxIiB4bWxucz0iaHR0cDovL3d3dy53My5vcmcvMjAwMC9zdmciPjwvc3ZnPg==\" class=\"lazyload\" style=\"--smush-placeholder-width: 538px; --smush-placeholder-aspect-ratio: 538\/477;\" \/>\t\t\t\t\t\t\t\t\t\t\t\t\t\t\t<\/div>\n\t\t\t\t<\/div>\n\t\t\t\t\t<\/div>\n\t\t<\/div>\n\t\t\t\t\t<\/div>\n\t\t<\/section>\n\t\t<div class=\"elementor-element elementor-element-755151e e-flex e-con-boxed e-con e-parent\" data-id=\"755151e\" data-element_type=\"container\" data-e-type=\"container\">\n\t\t\t\t\t<div class=\"e-con-inner\">\n\t\t\t\t<div class=\"elementor-element elementor-element-0333acc elementor-widget__width-inherit elementor-widget elementor-widget-image\" data-id=\"0333acc\" data-element_type=\"widget\" data-e-type=\"widget\" data-widget_type=\"image.default\">\n\t\t\t\t<div class=\"elementor-widget-container\">\n\t\t\t\t\t\t\t\t\t\t\t\t\t\t\t<img fetchpriority=\"high\" decoding=\"async\" width=\"1096\" height=\"477\" src=\"https:\/\/vifran.com.br\/wp-content\/uploads\/2023\/07\/Placement-Area-ASSETsmallSIZEDefaultSTATEDEFAULT-8.jpg\" class=\"attachment-full size-full wp-image-2329\" alt=\"\" srcset=\"https:\/\/vifran.com.br\/wp-content\/uploads\/2023\/07\/Placement-Area-ASSETsmallSIZEDefaultSTATEDEFAULT-8.jpg 1096w, https:\/\/vifran.com.br\/wp-content\/uploads\/2023\/07\/Placement-Area-ASSETsmallSIZEDefaultSTATEDEFAULT-8-300x131.jpg 300w, https:\/\/vifran.com.br\/wp-content\/uploads\/2023\/07\/Placement-Area-ASSETsmallSIZEDefaultSTATEDEFAULT-8-1024x446.jpg 1024w, https:\/\/vifran.com.br\/wp-content\/uploads\/2023\/07\/Placement-Area-ASSETsmallSIZEDefaultSTATEDEFAULT-8-768x334.jpg 768w\" sizes=\"(max-width: 1096px) 100vw, 1096px\" \/>\t\t\t\t\t\t\t\t\t\t\t\t\t\t\t<\/div>\n\t\t\t\t<\/div>\n\t\t\t\t\t<\/div>\n\t\t\t\t<\/div>\n\t\t<div class=\"elementor-element elementor-element-64c9068 e-flex e-con-boxed e-con e-parent\" data-id=\"64c9068\" data-element_type=\"container\" data-e-type=\"container\">\n\t\t\t\t\t<div class=\"e-con-inner\">\n\t\t<div class=\"elementor-element elementor-element-9def737 e-con-full e-flex e-con e-child\" data-id=\"9def737\" data-element_type=\"container\" data-e-type=\"container\">\n\t\t\t\t<div class=\"elementor-element elementor-element-3ac5893 elementor-widget elementor-widget-image\" data-id=\"3ac5893\" data-element_type=\"widget\" data-e-type=\"widget\" data-widget_type=\"image.default\">\n\t\t\t\t<div class=\"elementor-widget-container\">\n\t\t\t\t\t\t\t\t\t\t\t\t\t\t\t<img decoding=\"async\" width=\"538\" height=\"477\" data-src=\"https:\/\/vifran.com.br\/wp-content\/uploads\/2023\/07\/Placement-Area-ASSETsmallSIZEDefaultSTATEDEFAULT-9.jpg\" class=\"attachment-large size-large wp-image-2330 lazyload\" alt=\"\" data-srcset=\"https:\/\/vifran.com.br\/wp-content\/uploads\/2023\/07\/Placement-Area-ASSETsmallSIZEDefaultSTATEDEFAULT-9.jpg 538w, https:\/\/vifran.com.br\/wp-content\/uploads\/2023\/07\/Placement-Area-ASSETsmallSIZEDefaultSTATEDEFAULT-9-300x266.jpg 300w\" data-sizes=\"(max-width: 538px) 100vw, 538px\" src=\"data:image\/svg+xml;base64,PHN2ZyB3aWR0aD0iMSIgaGVpZ2h0PSIxIiB4bWxucz0iaHR0cDovL3d3dy53My5vcmcvMjAwMC9zdmciPjwvc3ZnPg==\" style=\"--smush-placeholder-width: 538px; --smush-placeholder-aspect-ratio: 538\/477;\" \/>\t\t\t\t\t\t\t\t\t\t\t\t\t\t\t<\/div>\n\t\t\t\t<\/div>\n\t\t\t\t<\/div>\n\t\t<div class=\"elementor-element elementor-element-2dad19a e-con-full e-flex e-con e-child\" data-id=\"2dad19a\" data-element_type=\"container\" data-e-type=\"container\">\n\t\t\t\t<div class=\"elementor-element elementor-element-8436528 elementor-widget elementor-widget-image\" data-id=\"8436528\" data-element_type=\"widget\" data-e-type=\"widget\" data-widget_type=\"image.default\">\n\t\t\t\t<div class=\"elementor-widget-container\">\n\t\t\t\t\t\t\t\t\t\t\t\t\t\t\t<img decoding=\"async\" width=\"538\" height=\"477\" data-src=\"https:\/\/vifran.com.br\/wp-content\/uploads\/2023\/07\/Placement-Area-ASSETsmallSIZEDefaultSTATEDEFAULT-10.jpg\" class=\"attachment-medium_large size-medium_large wp-image-2331 lazyload\" alt=\"\" data-srcset=\"https:\/\/vifran.com.br\/wp-content\/uploads\/2023\/07\/Placement-Area-ASSETsmallSIZEDefaultSTATEDEFAULT-10.jpg 538w, https:\/\/vifran.com.br\/wp-content\/uploads\/2023\/07\/Placement-Area-ASSETsmallSIZEDefaultSTATEDEFAULT-10-300x266.jpg 300w\" data-sizes=\"(max-width: 538px) 100vw, 538px\" src=\"data:image\/svg+xml;base64,PHN2ZyB3aWR0aD0iMSIgaGVpZ2h0PSIxIiB4bWxucz0iaHR0cDovL3d3dy53My5vcmcvMjAwMC9zdmciPjwvc3ZnPg==\" style=\"--smush-placeholder-width: 538px; --smush-placeholder-aspect-ratio: 538\/477;\" \/>\t\t\t\t\t\t\t\t\t\t\t\t\t\t\t<\/div>\n\t\t\t\t<\/div>\n\t\t\t\t<\/div>\n\t\t\t\t\t<\/div>\n\t\t\t\t<\/div>\n\t\t<div class=\"elementor-element elementor-element-5e00e525 e-flex e-con-boxed e-con e-parent\" data-id=\"5e00e525\" data-element_type=\"container\" data-e-type=\"container\">\n\t\t\t\t\t<div class=\"e-con-inner\">\n\t\t\t\t<div class=\"elementor-element elementor-element-777388cd elementor-align-center e-transform elementor-widget__width-inherit elementor-invisible elementor-widget elementor-widget-button\" data-id=\"777388cd\" data-element_type=\"widget\" data-e-type=\"widget\" data-settings=\"{&quot;_animation&quot;:&quot;fadeInDown&quot;,&quot;_transform_translateY_effect_hover&quot;:{&quot;unit&quot;:&quot;px&quot;,&quot;size&quot;:10,&quot;sizes&quot;:[]},&quot;_transform_translateX_effect_hover&quot;:{&quot;unit&quot;:&quot;px&quot;,&quot;size&quot;:&quot;&quot;,&quot;sizes&quot;:[]},&quot;_transform_translateX_effect_hover_tablet&quot;:{&quot;unit&quot;:&quot;px&quot;,&quot;size&quot;:&quot;&quot;,&quot;sizes&quot;:[]},&quot;_transform_translateX_effect_hover_mobile&quot;:{&quot;unit&quot;:&quot;px&quot;,&quot;size&quot;:&quot;&quot;,&quot;sizes&quot;:[]},&quot;_transform_translateY_effect_hover_tablet&quot;:{&quot;unit&quot;:&quot;px&quot;,&quot;size&quot;:&quot;&quot;,&quot;sizes&quot;:[]},&quot;_transform_translateY_effect_hover_mobile&quot;:{&quot;unit&quot;:&quot;px&quot;,&quot;size&quot;:&quot;&quot;,&quot;sizes&quot;:[]}}\" data-widget_type=\"button.default\">\n\t\t\t\t<div class=\"elementor-widget-container\">\n\t\t\t\t\t\t\t\t\t<div class=\"elementor-button-wrapper\">\n\t\t\t\t\t<a class=\"elementor-button elementor-button-link elementor-size-lg\" href=\"https:\/\/vifran.com.br\/index.php\/contato\/\">\n\t\t\t\t\t\t<span class=\"elementor-button-content-wrapper\">\n\t\t\t\t\t\t\t\t\t<span class=\"elementor-button-text\">SOLICITE UM OR\u00c7AMENTO<\/span>\n\t\t\t\t\t<\/span>\n\t\t\t\t\t<\/a>\n\t\t\t\t<\/div>\n\t\t\t\t\t\t\t\t<\/div>\n\t\t\t\t<\/div>\n\t\t\t\t\t<\/div>\n\t\t\t\t<\/div>\n\t\t\t\t<\/div>\n\t\t","protected":false},"excerpt":{"rendered":"<p>Sacola Complet Personaliza\u00e7\u00e3o com qualidade e \u00f3timo custo-benef\u00edcio com as Sacolas Complet Vifran. Sacola Complet Temos dispon\u00edveis Offset 120g, 150g, 180g e Kraft 120g, 140g, que proporcionam diferentes acabamentos, como aplica\u00e7\u00e3o de Hot-Stamping, relevo, plastifica\u00e7\u00e3o, lamina\u00e7\u00e3o e gofragens. Para este modelo oferecemos al\u00e7as de papel torcido e gorgur\u00e3o engomado que confere um toque especial em [&hellip;]<\/p>\n","protected":false},"author":8,"featured_media":0,"parent":2,"menu_order":0,"comment_status":"closed","ping_status":"closed","template":"","meta":{"inline_featured_image":false,"footnotes":""},"class_list":["post-2325","page","type-page","status-publish","hentry"],"_links":{"self":[{"href":"https:\/\/vifran.com.br\/index.php\/wp-json\/wp\/v2\/pages\/2325","targetHints":{"allow":["GET"]}}],"collection":[{"href":"https:\/\/vifran.com.br\/index.php\/wp-json\/wp\/v2\/pages"}],"about":[{"href":"https:\/\/vifran.com.br\/index.php\/wp-json\/wp\/v2\/types\/page"}],"author":[{"embeddable":true,"href":"https:\/\/vifran.com.br\/index.php\/wp-json\/wp\/v2\/users\/8"}],"replies":[{"embeddable":true,"href":"https:\/\/vifran.com.br\/index.php\/wp-json\/wp\/v2\/comments?post=2325"}],"version-history":[{"count":19,"href":"https:\/\/vifran.com.br\/index.php\/wp-json\/wp\/v2\/pages\/2325\/revisions"}],"predecessor-version":[{"id":3686,"href":"https:\/\/vifran.com.br\/index.php\/wp-json\/wp\/v2\/pages\/2325\/revisions\/3686"}],"up":[{"embeddable":true,"href":"https:\/\/vifran.com.br\/index.php\/wp-json\/wp\/v2\/pages\/2"}],"wp:attachment":[{"href":"https:\/\/vifran.com.br\/index.php\/wp-json\/wp\/v2\/media?parent=2325"}],"curies":[{"name":"wp","href":"https:\/\/api.w.org\/{rel}","templated":true}]}}