{"id":2355,"date":"2023-07-03T07:26:09","date_gmt":"2023-07-03T07:26:09","guid":{"rendered":"https:\/\/vifran.com.br\/?page_id=2355"},"modified":"2025-03-25T18:30:04","modified_gmt":"2025-03-25T18:30:04","slug":"linha-gourmet","status":"publish","type":"page","link":"https:\/\/vifran.com.br\/index.php\/pagina-inicial\/produtos\/linha-gourmet\/","title":{"rendered":"Linha Gourmet"},"content":{"rendered":"\t\t<div data-elementor-type=\"wp-page\" data-elementor-id=\"2355\" class=\"elementor elementor-2355\" data-elementor-post-type=\"page\">\n\t\t\t\t\t\t<section class=\"elementor-section elementor-top-section elementor-element elementor-element-3ba39868 elementor-section-full_width elementor-section-height-min-height elementor-section-items-stretch elementor-section-content-top elementor-section-stretched elementor-section-height-default\" data-id=\"3ba39868\" data-element_type=\"section\" data-e-type=\"section\" data-settings=\"{&quot;stretch_section&quot;:&quot;section-stretched&quot;,&quot;background_background&quot;:&quot;classic&quot;}\">\n\t\t\t\t\t\t<div class=\"elementor-container elementor-column-gap-no\">\n\t\t\t\t\t<div class=\"elementor-column elementor-col-100 elementor-top-column elementor-element elementor-element-5c6aba0f\" data-id=\"5c6aba0f\" data-element_type=\"column\" data-e-type=\"column\">\n\t\t\t<div class=\"elementor-widget-wrap elementor-element-populated\">\n\t\t\t\t\t\t<div class=\"elementor-element elementor-element-64beaef8 elementor-headline--style-rotate elementor-widget__width-inherit elementor-widget elementor-widget-animated-headline\" data-id=\"64beaef8\" data-element_type=\"widget\" data-e-type=\"widget\" data-settings=\"{&quot;headline_style&quot;:&quot;rotate&quot;,&quot;rotate_iteration_delay&quot;:1000,&quot;animation_type&quot;:&quot;typing&quot;,&quot;loop&quot;:&quot;yes&quot;}\" data-widget_type=\"animated-headline.default\">\n\t\t\t\t<div class=\"elementor-widget-container\">\n\t\t\t\t\t\t\t<h1 class=\"elementor-headline elementor-headline-animation-type-typing elementor-headline-letters\">\n\t\t\t\t\t<span class=\"elementor-headline-plain-text elementor-headline-text-wrapper\">Linha Gourmet<\/span>\n\t\t\t\t<span class=\"elementor-headline-dynamic-wrapper elementor-headline-text-wrapper\">\n\t\t\t\t<\/span>\n\t\t\t\t<\/h1>\n\t\t\t\t\t\t<\/div>\n\t\t\t\t<\/div>\n\t\t\t\t<div class=\"elementor-element elementor-element-dec6f8a elementor-widget elementor-widget-text-editor\" data-id=\"dec6f8a\" data-element_type=\"widget\" data-e-type=\"widget\" data-widget_type=\"text-editor.default\">\n\t\t\t\t<div class=\"elementor-widget-container\">\n\t\t\t\t\t\t\t\t\t<p>Embalagens Premium para alimentos, a Linha Gourmet tem uma variedade de Sacolas, Caixas, Envelopes e Acess\u00f3rios com eleg\u00e2ncia e qualidade.<\/p>\t\t\t\t\t\t\t\t<\/div>\n\t\t\t\t<\/div>\n\t\t\t\t\t<\/div>\n\t\t<\/div>\n\t\t\t\t\t<\/div>\n\t\t<\/section>\n\t\t\t\t<section class=\"elementor-section elementor-top-section elementor-element elementor-element-b6b1a4a elementor-section-full_width elementor-section-items-stretch elementor-section-content-top elementor-section-stretched elementor-section-height-min-height elementor-section-height-default\" data-id=\"b6b1a4a\" data-element_type=\"section\" data-e-type=\"section\" data-settings=\"{&quot;stretch_section&quot;:&quot;section-stretched&quot;,&quot;background_background&quot;:&quot;classic&quot;}\">\n\t\t\t\t\t\t<div class=\"elementor-container elementor-column-gap-no\">\n\t\t\t\t\t<div class=\"elementor-column elementor-col-100 elementor-top-column elementor-element elementor-element-f2b9a35\" data-id=\"f2b9a35\" data-element_type=\"column\" data-e-type=\"column\">\n\t\t\t<div class=\"elementor-widget-wrap elementor-element-populated\">\n\t\t\t\t\t\t<div class=\"elementor-element elementor-element-29cce8db elementor-align-center e-transform elementor-invisible elementor-widget elementor-widget-button\" data-id=\"29cce8db\" data-element_type=\"widget\" data-e-type=\"widget\" data-settings=\"{&quot;_animation&quot;:&quot;fadeInDown&quot;,&quot;_transform_translateY_effect_hover&quot;:{&quot;unit&quot;:&quot;px&quot;,&quot;size&quot;:10,&quot;sizes&quot;:[]},&quot;_transform_translateX_effect_hover&quot;:{&quot;unit&quot;:&quot;px&quot;,&quot;size&quot;:&quot;&quot;,&quot;sizes&quot;:[]},&quot;_transform_translateX_effect_hover_tablet&quot;:{&quot;unit&quot;:&quot;px&quot;,&quot;size&quot;:&quot;&quot;,&quot;sizes&quot;:[]},&quot;_transform_translateX_effect_hover_mobile&quot;:{&quot;unit&quot;:&quot;px&quot;,&quot;size&quot;:&quot;&quot;,&quot;sizes&quot;:[]},&quot;_transform_translateY_effect_hover_tablet&quot;:{&quot;unit&quot;:&quot;px&quot;,&quot;size&quot;:&quot;&quot;,&quot;sizes&quot;:[]},&quot;_transform_translateY_effect_hover_mobile&quot;:{&quot;unit&quot;:&quot;px&quot;,&quot;size&quot;:&quot;&quot;,&quot;sizes&quot;:[]}}\" data-widget_type=\"button.default\">\n\t\t\t\t<div class=\"elementor-widget-container\">\n\t\t\t\t\t\t\t\t\t<div class=\"elementor-button-wrapper\">\n\t\t\t\t\t<a class=\"elementor-button elementor-button-link elementor-size-sm\" href=\"https:\/\/vifran.com.br\/index.php\/linha-Gourmet\/#inicio\">\n\t\t\t\t\t\t<span class=\"elementor-button-content-wrapper\">\n\t\t\t\t\t\t<span class=\"elementor-button-icon\">\n\t\t\t\t<i aria-hidden=\"true\" class=\"fas fa-arrow-down\"><\/i>\t\t\t<\/span>\n\t\t\t\t\t\t\t\t<\/span>\n\t\t\t\t\t<\/a>\n\t\t\t\t<\/div>\n\t\t\t\t\t\t\t\t<\/div>\n\t\t\t\t<\/div>\n\t\t\t\t\t<\/div>\n\t\t<\/div>\n\t\t\t\t\t<\/div>\n\t\t<\/section>\n\t\t<div class=\"elementor-element elementor-element-3d9547fc e-flex e-con-boxed e-con e-parent\" data-id=\"3d9547fc\" data-element_type=\"container\" data-e-type=\"container\" id=\"inicio\">\n\t\t\t\t\t<div class=\"e-con-inner\">\n\t\t<div class=\"elementor-element elementor-element-11b50ca e-con-full e-flex e-con e-child\" data-id=\"11b50ca\" data-element_type=\"container\" data-e-type=\"container\">\n\t\t\t\t<div class=\"elementor-element elementor-element-3f0553a0 elementor-widget elementor-widget-heading\" data-id=\"3f0553a0\" data-element_type=\"widget\" data-e-type=\"widget\" data-widget_type=\"heading.default\">\n\t\t\t\t<div class=\"elementor-widget-container\">\n\t\t\t\t\t<h2 class=\"elementor-heading-title elementor-size-default\">Linha Gourmet<\/h2>\t\t\t\t<\/div>\n\t\t\t\t<\/div>\n\t\t\t\t<div class=\"elementor-element elementor-element-51cdd7d elementor-widget elementor-widget-text-editor\" data-id=\"51cdd7d\" data-element_type=\"widget\" data-e-type=\"widget\" data-widget_type=\"text-editor.default\">\n\t\t\t\t<div class=\"elementor-widget-container\">\n\t\t\t\t\t\t\t\t\t<p>Sacolas, caixas, envelopes e acess\u00f3rios desenvolvidos especificamente para o setor de alimentos. A linha Gourmet conta com produtos tanto para o delivery como para os pedidos retirados nos pr\u00f3prios estabelecimentos. <br \/>Embalagens premium, concebidas com a mesma eleg\u00e2ncia e qualidade das marcas da melhor gastronomia.<\/p>\t\t\t\t\t\t\t\t<\/div>\n\t\t\t\t<\/div>\n\t\t\t\t<\/div>\n\t\t<div class=\"elementor-element elementor-element-7f0f115f e-con-full e-flex e-con e-child\" data-id=\"7f0f115f\" data-element_type=\"container\" data-e-type=\"container\">\n\t\t\t\t<div class=\"elementor-element elementor-element-2f551a3 elementor-widget elementor-widget-image\" data-id=\"2f551a3\" data-element_type=\"widget\" data-e-type=\"widget\" data-widget_type=\"image.default\">\n\t\t\t\t<div class=\"elementor-widget-container\">\n\t\t\t\t\t\t\t\t\t\t\t\t\t\t\t<img fetchpriority=\"high\" decoding=\"async\" width=\"1200\" height=\"800\" src=\"https:\/\/vifran.com.br\/wp-content\/uploads\/2025\/03\/Biscoito-1.jpg\" class=\"attachment-full size-full wp-image-3691\" alt=\"\" srcset=\"https:\/\/vifran.com.br\/wp-content\/uploads\/2025\/03\/Biscoito-1.jpg 1200w, https:\/\/vifran.com.br\/wp-content\/uploads\/2025\/03\/Biscoito-1-300x200.jpg 300w, https:\/\/vifran.com.br\/wp-content\/uploads\/2025\/03\/Biscoito-1-1024x683.jpg 1024w, https:\/\/vifran.com.br\/wp-content\/uploads\/2025\/03\/Biscoito-1-768x512.jpg 768w\" sizes=\"(max-width: 1200px) 100vw, 1200px\" \/>\t\t\t\t\t\t\t\t\t\t\t\t\t\t\t<\/div>\n\t\t\t\t<\/div>\n\t\t\t\t<\/div>\n\t\t\t\t\t<\/div>\n\t\t\t\t<\/div>\n\t\t<div class=\"elementor-element elementor-element-5fb065bc e-flex e-con-boxed e-con e-parent\" data-id=\"5fb065bc\" data-element_type=\"container\" data-e-type=\"container\">\n\t\t\t\t\t<div class=\"e-con-inner\">\n\t\t<div class=\"elementor-element elementor-element-10c3e0b6 e-con-full e-flex e-con e-child\" data-id=\"10c3e0b6\" data-element_type=\"container\" data-e-type=\"container\">\n\t\t\t\t<div class=\"elementor-element elementor-element-0333acc elementor-widget__width-inherit elementor-widget elementor-widget-image\" data-id=\"0333acc\" data-element_type=\"widget\" data-e-type=\"widget\" data-widget_type=\"image.default\">\n\t\t\t\t<div class=\"elementor-widget-container\">\n\t\t\t\t\t\t\t\t\t\t\t\t\t\t\t<img decoding=\"async\" width=\"1096\" height=\"477\" data-src=\"https:\/\/vifran.com.br\/wp-content\/uploads\/2023\/07\/bauducco.jpg\" class=\"attachment-full size-full wp-image-2359 lazyload\" alt=\"\" data-srcset=\"https:\/\/vifran.com.br\/wp-content\/uploads\/2023\/07\/bauducco.jpg 1096w, https:\/\/vifran.com.br\/wp-content\/uploads\/2023\/07\/bauducco-300x131.jpg 300w, https:\/\/vifran.com.br\/wp-content\/uploads\/2023\/07\/bauducco-1024x446.jpg 1024w, https:\/\/vifran.com.br\/wp-content\/uploads\/2023\/07\/bauducco-768x334.jpg 768w\" data-sizes=\"(max-width: 1096px) 100vw, 1096px\" src=\"data:image\/svg+xml;base64,PHN2ZyB3aWR0aD0iMSIgaGVpZ2h0PSIxIiB4bWxucz0iaHR0cDovL3d3dy53My5vcmcvMjAwMC9zdmciPjwvc3ZnPg==\" style=\"--smush-placeholder-width: 1096px; --smush-placeholder-aspect-ratio: 1096\/477;\" \/>\t\t\t\t\t\t\t\t\t\t\t\t\t\t\t<\/div>\n\t\t\t\t<\/div>\n\t\t\t\t<\/div>\n\t\t\t\t\t<\/div>\n\t\t\t\t<\/div>\n\t\t<div class=\"elementor-element elementor-element-3ffd931 e-flex e-con-boxed e-con e-parent\" data-id=\"3ffd931\" data-element_type=\"container\" data-e-type=\"container\">\n\t\t\t\t\t<div class=\"e-con-inner\">\n\t\t<div class=\"elementor-element elementor-element-425191b1 e-con-full e-flex e-con e-child\" data-id=\"425191b1\" data-element_type=\"container\" data-e-type=\"container\">\n\t\t\t\t<div class=\"elementor-element elementor-element-79d61b7 elementor-widget elementor-widget-image\" data-id=\"79d61b7\" data-element_type=\"widget\" data-e-type=\"widget\" data-widget_type=\"image.default\">\n\t\t\t\t<div class=\"elementor-widget-container\">\n\t\t\t\t\t\t\t\t\t\t\t\t\t\t\t<img decoding=\"async\" width=\"538\" height=\"477\" data-src=\"https:\/\/vifran.com.br\/wp-content\/uploads\/2023\/07\/amor-aos-pedacos.jpg\" class=\"attachment-large size-large wp-image-2360 lazyload\" alt=\"\" data-srcset=\"https:\/\/vifran.com.br\/wp-content\/uploads\/2023\/07\/amor-aos-pedacos.jpg 538w, https:\/\/vifran.com.br\/wp-content\/uploads\/2023\/07\/amor-aos-pedacos-300x266.jpg 300w\" data-sizes=\"(max-width: 538px) 100vw, 538px\" src=\"data:image\/svg+xml;base64,PHN2ZyB3aWR0aD0iMSIgaGVpZ2h0PSIxIiB4bWxucz0iaHR0cDovL3d3dy53My5vcmcvMjAwMC9zdmciPjwvc3ZnPg==\" style=\"--smush-placeholder-width: 538px; --smush-placeholder-aspect-ratio: 538\/477;\" \/>\t\t\t\t\t\t\t\t\t\t\t\t\t\t\t<\/div>\n\t\t\t\t<\/div>\n\t\t\t\t<\/div>\n\t\t<div class=\"elementor-element elementor-element-55c81f72 e-con-full e-flex e-con e-child\" data-id=\"55c81f72\" data-element_type=\"container\" data-e-type=\"container\">\n\t\t\t\t<div class=\"elementor-element elementor-element-e05bfc8 elementor-widget__width-inherit elementor-widget elementor-widget-image\" data-id=\"e05bfc8\" data-element_type=\"widget\" data-e-type=\"widget\" data-widget_type=\"image.default\">\n\t\t\t\t<div class=\"elementor-widget-container\">\n\t\t\t\t\t\t\t\t\t\t\t\t\t\t\t<img decoding=\"async\" width=\"538\" height=\"477\" data-src=\"https:\/\/vifran.com.br\/wp-content\/uploads\/2023\/07\/chocolate.jpg\" class=\"attachment-medium_large size-medium_large wp-image-2361 lazyload\" alt=\"\" data-srcset=\"https:\/\/vifran.com.br\/wp-content\/uploads\/2023\/07\/chocolate.jpg 538w, https:\/\/vifran.com.br\/wp-content\/uploads\/2023\/07\/chocolate-300x266.jpg 300w\" data-sizes=\"(max-width: 538px) 100vw, 538px\" src=\"data:image\/svg+xml;base64,PHN2ZyB3aWR0aD0iMSIgaGVpZ2h0PSIxIiB4bWxucz0iaHR0cDovL3d3dy53My5vcmcvMjAwMC9zdmciPjwvc3ZnPg==\" style=\"--smush-placeholder-width: 538px; --smush-placeholder-aspect-ratio: 538\/477;\" \/>\t\t\t\t\t\t\t\t\t\t\t\t\t\t\t<\/div>\n\t\t\t\t<\/div>\n\t\t\t\t<\/div>\n\t\t\t\t\t<\/div>\n\t\t\t\t<\/div>\n\t\t<div class=\"elementor-element elementor-element-59ca8c3 e-flex e-con-boxed e-con e-parent\" data-id=\"59ca8c3\" data-element_type=\"container\" data-e-type=\"container\">\n\t\t\t\t\t<div class=\"e-con-inner\">\n\t\t<div class=\"elementor-element elementor-element-ba047bc e-con-full e-flex e-con e-child\" data-id=\"ba047bc\" data-element_type=\"container\" data-e-type=\"container\">\n\t\t\t\t<div class=\"elementor-element elementor-element-b862acb elementor-widget__width-inherit elementor-widget elementor-widget-image\" data-id=\"b862acb\" data-element_type=\"widget\" data-e-type=\"widget\" data-widget_type=\"image.default\">\n\t\t\t\t<div class=\"elementor-widget-container\">\n\t\t\t\t\t\t\t\t\t\t\t\t\t\t\t<img decoding=\"async\" width=\"1105\" height=\"477\" data-src=\"https:\/\/vifran.com.br\/wp-content\/uploads\/2023\/07\/stefan.png\" class=\"attachment-full size-full wp-image-2363 lazyload\" alt=\"\" data-srcset=\"https:\/\/vifran.com.br\/wp-content\/uploads\/2023\/07\/stefan.png 1105w, https:\/\/vifran.com.br\/wp-content\/uploads\/2023\/07\/stefan-300x130.png 300w, https:\/\/vifran.com.br\/wp-content\/uploads\/2023\/07\/stefan-1024x442.png 1024w, https:\/\/vifran.com.br\/wp-content\/uploads\/2023\/07\/stefan-768x332.png 768w\" data-sizes=\"(max-width: 1105px) 100vw, 1105px\" src=\"data:image\/svg+xml;base64,PHN2ZyB3aWR0aD0iMSIgaGVpZ2h0PSIxIiB4bWxucz0iaHR0cDovL3d3dy53My5vcmcvMjAwMC9zdmciPjwvc3ZnPg==\" style=\"--smush-placeholder-width: 1105px; --smush-placeholder-aspect-ratio: 1105\/477;\" \/>\t\t\t\t\t\t\t\t\t\t\t\t\t\t\t<\/div>\n\t\t\t\t<\/div>\n\t\t\t\t<\/div>\n\t\t\t\t\t<\/div>\n\t\t\t\t<\/div>\n\t\t<div class=\"elementor-element elementor-element-575d1a4 e-flex e-con-boxed e-con e-parent\" data-id=\"575d1a4\" data-element_type=\"container\" data-e-type=\"container\">\n\t\t\t\t\t<div class=\"e-con-inner\">\n\t\t<div class=\"elementor-element elementor-element-2259935 e-con-full e-flex e-con e-child\" data-id=\"2259935\" data-element_type=\"container\" data-e-type=\"container\">\n\t\t\t\t<div class=\"elementor-element elementor-element-4320966 elementor-widget elementor-widget-image\" data-id=\"4320966\" data-element_type=\"widget\" data-e-type=\"widget\" data-widget_type=\"image.default\">\n\t\t\t\t<div class=\"elementor-widget-container\">\n\t\t\t\t\t\t\t\t\t\t\t\t\t\t\t<img decoding=\"async\" width=\"538\" height=\"477\" data-src=\"https:\/\/vifran.com.br\/wp-content\/uploads\/2023\/07\/ofner.jpg\" class=\"attachment-large size-large wp-image-2364 lazyload\" alt=\"\" data-srcset=\"https:\/\/vifran.com.br\/wp-content\/uploads\/2023\/07\/ofner.jpg 538w, https:\/\/vifran.com.br\/wp-content\/uploads\/2023\/07\/ofner-300x266.jpg 300w\" data-sizes=\"(max-width: 538px) 100vw, 538px\" src=\"data:image\/svg+xml;base64,PHN2ZyB3aWR0aD0iMSIgaGVpZ2h0PSIxIiB4bWxucz0iaHR0cDovL3d3dy53My5vcmcvMjAwMC9zdmciPjwvc3ZnPg==\" style=\"--smush-placeholder-width: 538px; --smush-placeholder-aspect-ratio: 538\/477;\" \/>\t\t\t\t\t\t\t\t\t\t\t\t\t\t\t<\/div>\n\t\t\t\t<\/div>\n\t\t\t\t<\/div>\n\t\t<div class=\"elementor-element elementor-element-0f9030d e-con-full e-flex e-con e-child\" data-id=\"0f9030d\" data-element_type=\"container\" data-e-type=\"container\">\n\t\t\t\t<div class=\"elementor-element elementor-element-2c169cc elementor-widget__width-inherit elementor-widget elementor-widget-image\" data-id=\"2c169cc\" data-element_type=\"widget\" data-e-type=\"widget\" data-widget_type=\"image.default\">\n\t\t\t\t<div class=\"elementor-widget-container\">\n\t\t\t\t\t\t\t\t\t\t\t\t\t\t\t<img decoding=\"async\" width=\"538\" height=\"477\" data-src=\"https:\/\/vifran.com.br\/wp-content\/uploads\/2023\/07\/dama.jpg\" class=\"attachment-medium_large size-medium_large wp-image-2365 lazyload\" alt=\"\" data-srcset=\"https:\/\/vifran.com.br\/wp-content\/uploads\/2023\/07\/dama.jpg 538w, https:\/\/vifran.com.br\/wp-content\/uploads\/2023\/07\/dama-300x266.jpg 300w\" data-sizes=\"(max-width: 538px) 100vw, 538px\" src=\"data:image\/svg+xml;base64,PHN2ZyB3aWR0aD0iMSIgaGVpZ2h0PSIxIiB4bWxucz0iaHR0cDovL3d3dy53My5vcmcvMjAwMC9zdmciPjwvc3ZnPg==\" style=\"--smush-placeholder-width: 538px; --smush-placeholder-aspect-ratio: 538\/477;\" \/>\t\t\t\t\t\t\t\t\t\t\t\t\t\t\t<\/div>\n\t\t\t\t<\/div>\n\t\t\t\t<\/div>\n\t\t\t\t\t<\/div>\n\t\t\t\t<\/div>\n\t\t<div class=\"elementor-element elementor-element-d5484b1 e-flex e-con-boxed e-con e-parent\" data-id=\"d5484b1\" data-element_type=\"container\" data-e-type=\"container\">\n\t\t\t\t\t<div class=\"e-con-inner\">\n\t\t<div class=\"elementor-element elementor-element-7b4a34f e-con-full e-flex e-con e-child\" data-id=\"7b4a34f\" data-element_type=\"container\" data-e-type=\"container\">\n\t\t\t\t<div class=\"elementor-element elementor-element-818e5a5 elementor-widget__width-inherit elementor-widget elementor-widget-image\" data-id=\"818e5a5\" data-element_type=\"widget\" data-e-type=\"widget\" data-widget_type=\"image.default\">\n\t\t\t\t<div class=\"elementor-widget-container\">\n\t\t\t\t\t\t\t\t\t\t\t\t\t\t\t<img decoding=\"async\" width=\"1200\" height=\"800\" data-src=\"https:\/\/vifran.com.br\/wp-content\/uploads\/2025\/03\/Biscoito-2.jpg\" class=\"attachment-full size-full wp-image-3692 lazyload\" alt=\"\" data-srcset=\"https:\/\/vifran.com.br\/wp-content\/uploads\/2025\/03\/Biscoito-2.jpg 1200w, https:\/\/vifran.com.br\/wp-content\/uploads\/2025\/03\/Biscoito-2-300x200.jpg 300w, https:\/\/vifran.com.br\/wp-content\/uploads\/2025\/03\/Biscoito-2-1024x683.jpg 1024w, https:\/\/vifran.com.br\/wp-content\/uploads\/2025\/03\/Biscoito-2-768x512.jpg 768w\" data-sizes=\"(max-width: 1200px) 100vw, 1200px\" src=\"data:image\/svg+xml;base64,PHN2ZyB3aWR0aD0iMSIgaGVpZ2h0PSIxIiB4bWxucz0iaHR0cDovL3d3dy53My5vcmcvMjAwMC9zdmciPjwvc3ZnPg==\" style=\"--smush-placeholder-width: 1200px; --smush-placeholder-aspect-ratio: 1200\/800;\" \/>\t\t\t\t\t\t\t\t\t\t\t\t\t\t\t<\/div>\n\t\t\t\t<\/div>\n\t\t\t\t<\/div>\n\t\t\t\t\t<\/div>\n\t\t\t\t<\/div>\n\t\t<div class=\"elementor-element elementor-element-3675d4db e-flex e-con-boxed e-con e-parent\" data-id=\"3675d4db\" data-element_type=\"container\" data-e-type=\"container\">\n\t\t\t\t\t<div class=\"e-con-inner\">\n\t\t\t\t<div class=\"elementor-element elementor-element-346f94bc elementor-align-center e-transform elementor-widget__width-inherit elementor-invisible elementor-widget elementor-widget-button\" data-id=\"346f94bc\" data-element_type=\"widget\" data-e-type=\"widget\" data-settings=\"{&quot;_animation&quot;:&quot;fadeInDown&quot;,&quot;_transform_translateY_effect_hover&quot;:{&quot;unit&quot;:&quot;px&quot;,&quot;size&quot;:10,&quot;sizes&quot;:[]},&quot;_transform_translateX_effect_hover&quot;:{&quot;unit&quot;:&quot;px&quot;,&quot;size&quot;:&quot;&quot;,&quot;sizes&quot;:[]},&quot;_transform_translateX_effect_hover_tablet&quot;:{&quot;unit&quot;:&quot;px&quot;,&quot;size&quot;:&quot;&quot;,&quot;sizes&quot;:[]},&quot;_transform_translateX_effect_hover_mobile&quot;:{&quot;unit&quot;:&quot;px&quot;,&quot;size&quot;:&quot;&quot;,&quot;sizes&quot;:[]},&quot;_transform_translateY_effect_hover_tablet&quot;:{&quot;unit&quot;:&quot;px&quot;,&quot;size&quot;:&quot;&quot;,&quot;sizes&quot;:[]},&quot;_transform_translateY_effect_hover_mobile&quot;:{&quot;unit&quot;:&quot;px&quot;,&quot;size&quot;:&quot;&quot;,&quot;sizes&quot;:[]}}\" data-widget_type=\"button.default\">\n\t\t\t\t<div class=\"elementor-widget-container\">\n\t\t\t\t\t\t\t\t\t<div class=\"elementor-button-wrapper\">\n\t\t\t\t\t<a class=\"elementor-button elementor-button-link elementor-size-lg\" href=\"https:\/\/vifran.com.br\/index.php\/contato\/\">\n\t\t\t\t\t\t<span class=\"elementor-button-content-wrapper\">\n\t\t\t\t\t\t\t\t\t<span class=\"elementor-button-text\">SOLICITE UM OR\u00c7AMENTO<\/span>\n\t\t\t\t\t<\/span>\n\t\t\t\t\t<\/a>\n\t\t\t\t<\/div>\n\t\t\t\t\t\t\t\t<\/div>\n\t\t\t\t<\/div>\n\t\t\t\t\t<\/div>\n\t\t\t\t<\/div>\n\t\t\t\t<\/div>\n\t\t","protected":false},"excerpt":{"rendered":"<p>Linha Gourmet Embalagens Premium para alimentos, a Linha Gourmet tem uma variedade de Sacolas, Caixas, Envelopes e Acess\u00f3rios com eleg\u00e2ncia e qualidade. Linha Gourmet Sacolas, caixas, envelopes e acess\u00f3rios desenvolvidos especificamente para o setor de alimentos. A linha Gourmet conta com produtos tanto para o delivery como para os pedidos retirados nos pr\u00f3prios estabelecimentos. Embalagens [&hellip;]<\/p>\n","protected":false},"author":8,"featured_media":0,"parent":2,"menu_order":0,"comment_status":"closed","ping_status":"closed","template":"","meta":{"inline_featured_image":false,"footnotes":""},"class_list":["post-2355","page","type-page","status-publish","hentry"],"_links":{"self":[{"href":"https:\/\/vifran.com.br\/index.php\/wp-json\/wp\/v2\/pages\/2355","targetHints":{"allow":["GET"]}}],"collection":[{"href":"https:\/\/vifran.com.br\/index.php\/wp-json\/wp\/v2\/pages"}],"about":[{"href":"https:\/\/vifran.com.br\/index.php\/wp-json\/wp\/v2\/types\/page"}],"author":[{"embeddable":true,"href":"https:\/\/vifran.com.br\/index.php\/wp-json\/wp\/v2\/users\/8"}],"replies":[{"embeddable":true,"href":"https:\/\/vifran.com.br\/index.php\/wp-json\/wp\/v2\/comments?post=2355"}],"version-history":[{"count":23,"href":"https:\/\/vifran.com.br\/index.php\/wp-json\/wp\/v2\/pages\/2355\/revisions"}],"predecessor-version":[{"id":3701,"href":"https:\/\/vifran.com.br\/index.php\/wp-json\/wp\/v2\/pages\/2355\/revisions\/3701"}],"up":[{"embeddable":true,"href":"https:\/\/vifran.com.br\/index.php\/wp-json\/wp\/v2\/pages\/2"}],"wp:attachment":[{"href":"https:\/\/vifran.com.br\/index.php\/wp-json\/wp\/v2\/media?parent=2355"}],"curies":[{"name":"wp","href":"https:\/\/api.w.org\/{rel}","templated":true}]}}