{"id":2407,"date":"2023-07-03T08:42:24","date_gmt":"2023-07-03T08:42:24","guid":{"rendered":"https:\/\/vifran.com.br\/?page_id=2407"},"modified":"2025-03-25T19:18:17","modified_gmt":"2025-03-25T19:18:17","slug":"caixa-ecommerce","status":"publish","type":"page","link":"https:\/\/vifran.com.br\/index.php\/pagina-inicial\/produtos\/caixa-ecommerce\/","title":{"rendered":"Caixa Ecommerce"},"content":{"rendered":"\t\t<div data-elementor-type=\"wp-page\" data-elementor-id=\"2407\" class=\"elementor elementor-2407\" data-elementor-post-type=\"page\">\n\t\t\t\t\t\t<section class=\"elementor-section elementor-top-section elementor-element elementor-element-3ba39868 elementor-section-full_width elementor-section-height-min-height elementor-section-items-stretch elementor-section-content-top elementor-section-stretched elementor-section-height-default\" data-id=\"3ba39868\" data-element_type=\"section\" data-e-type=\"section\" data-settings=\"{&quot;stretch_section&quot;:&quot;section-stretched&quot;,&quot;background_background&quot;:&quot;classic&quot;}\">\n\t\t\t\t\t\t<div class=\"elementor-container elementor-column-gap-no\">\n\t\t\t\t\t<div class=\"elementor-column elementor-col-100 elementor-top-column elementor-element elementor-element-5c6aba0f\" data-id=\"5c6aba0f\" data-element_type=\"column\" data-e-type=\"column\">\n\t\t\t<div class=\"elementor-widget-wrap elementor-element-populated\">\n\t\t\t\t\t\t<div class=\"elementor-element elementor-element-64beaef8 elementor-headline--style-rotate elementor-widget__width-inherit elementor-widget elementor-widget-animated-headline\" data-id=\"64beaef8\" data-element_type=\"widget\" data-e-type=\"widget\" data-settings=\"{&quot;headline_style&quot;:&quot;rotate&quot;,&quot;rotate_iteration_delay&quot;:1000,&quot;animation_type&quot;:&quot;typing&quot;,&quot;loop&quot;:&quot;yes&quot;}\" data-widget_type=\"animated-headline.default\">\n\t\t\t\t<div class=\"elementor-widget-container\">\n\t\t\t\t\t\t\t<h1 class=\"elementor-headline elementor-headline-animation-type-typing elementor-headline-letters\">\n\t\t\t\t\t<span class=\"elementor-headline-plain-text elementor-headline-text-wrapper\">Caixa Ecommerce<\/span>\n\t\t\t\t<span class=\"elementor-headline-dynamic-wrapper elementor-headline-text-wrapper\">\n\t\t\t\t<\/span>\n\t\t\t\t<\/h1>\n\t\t\t\t\t\t<\/div>\n\t\t\t\t<\/div>\n\t\t\t\t<div class=\"elementor-element elementor-element-dec6f8a elementor-widget elementor-widget-text-editor\" data-id=\"dec6f8a\" data-element_type=\"widget\" data-e-type=\"widget\" data-widget_type=\"text-editor.default\">\n\t\t\t\t<div class=\"elementor-widget-container\">\n\t\t\t\t\t\t\t\t\t<p>Qualidade com resist\u00eancia a Caixa Ecommerce s\u00e3o confeccionadas com pap\u00e9is de alta gramatura Kraft, Offset e cart\u00e3o Duplex. Com \u00f3timo acabamento e impress\u00e3o tanto externa quanto interna a Caixa Ecommerce oferece a experi\u00eancia da loja na casa do seu cliente.<\/p>\t\t\t\t\t\t\t\t<\/div>\n\t\t\t\t<\/div>\n\t\t\t\t<div class=\"elementor-element elementor-element-29cce8db elementor-align-center e-transform elementor-invisible elementor-widget elementor-widget-button\" data-id=\"29cce8db\" data-element_type=\"widget\" data-e-type=\"widget\" data-settings=\"{&quot;_animation&quot;:&quot;fadeInDown&quot;,&quot;_transform_translateY_effect_hover&quot;:{&quot;unit&quot;:&quot;px&quot;,&quot;size&quot;:10,&quot;sizes&quot;:[]},&quot;_transform_translateX_effect_hover&quot;:{&quot;unit&quot;:&quot;px&quot;,&quot;size&quot;:&quot;&quot;,&quot;sizes&quot;:[]},&quot;_transform_translateX_effect_hover_tablet&quot;:{&quot;unit&quot;:&quot;px&quot;,&quot;size&quot;:&quot;&quot;,&quot;sizes&quot;:[]},&quot;_transform_translateX_effect_hover_mobile&quot;:{&quot;unit&quot;:&quot;px&quot;,&quot;size&quot;:&quot;&quot;,&quot;sizes&quot;:[]},&quot;_transform_translateY_effect_hover_tablet&quot;:{&quot;unit&quot;:&quot;px&quot;,&quot;size&quot;:&quot;&quot;,&quot;sizes&quot;:[]},&quot;_transform_translateY_effect_hover_mobile&quot;:{&quot;unit&quot;:&quot;px&quot;,&quot;size&quot;:&quot;&quot;,&quot;sizes&quot;:[]}}\" data-widget_type=\"button.default\">\n\t\t\t\t<div class=\"elementor-widget-container\">\n\t\t\t\t\t\t\t\t\t<div class=\"elementor-button-wrapper\">\n\t\t\t\t\t<a class=\"elementor-button elementor-button-link elementor-size-sm\" href=\"https:\/\/vifran.com.br\/index.php\/caixa-ecommerce\/#inicio\">\n\t\t\t\t\t\t<span class=\"elementor-button-content-wrapper\">\n\t\t\t\t\t\t<span class=\"elementor-button-icon\">\n\t\t\t\t<i aria-hidden=\"true\" class=\"fas fa-arrow-down\"><\/i>\t\t\t<\/span>\n\t\t\t\t\t\t\t\t<\/span>\n\t\t\t\t\t<\/a>\n\t\t\t\t<\/div>\n\t\t\t\t\t\t\t\t<\/div>\n\t\t\t\t<\/div>\n\t\t\t\t\t<\/div>\n\t\t<\/div>\n\t\t\t\t\t<\/div>\n\t\t<\/section>\n\t\t<div class=\"elementor-element elementor-element-17740902 e-flex e-con-boxed e-con e-parent\" data-id=\"17740902\" data-element_type=\"container\" data-e-type=\"container\" id=\"inicio\">\n\t\t\t\t\t<div class=\"e-con-inner\">\n\t\t<div class=\"elementor-element elementor-element-638703ff e-con-full e-flex e-con e-child\" data-id=\"638703ff\" data-element_type=\"container\" data-e-type=\"container\">\n\t\t\t\t<div class=\"elementor-element elementor-element-5c7c7587 elementor-widget elementor-widget-heading\" data-id=\"5c7c7587\" data-element_type=\"widget\" data-e-type=\"widget\" data-widget_type=\"heading.default\">\n\t\t\t\t<div class=\"elementor-widget-container\">\n\t\t\t\t\t<h2 class=\"elementor-heading-title elementor-size-default\">Caixa Ecommerce<\/h2>\t\t\t\t<\/div>\n\t\t\t\t<\/div>\n\t\t\t\t<div class=\"elementor-element elementor-element-117637c8 elementor-widget elementor-widget-text-editor\" data-id=\"117637c8\" data-element_type=\"widget\" data-e-type=\"widget\" data-widget_type=\"text-editor.default\">\n\t\t\t\t<div class=\"elementor-widget-container\">\n\t\t\t\t\t\t\t\t\t<p>Oferecemos a caixa E-commerce, perfeita para suas necessidades de embalagem. Essa caixa \u00e9 acoplada em micro onda B, E ou F, proporcionando resist\u00eancia e prote\u00e7\u00e3o aos seus produtos durante o transporte. Utilizamos pap\u00e9is de alta qualidade, como kraft nas gramaturas de 180g, 240g e 300g, offset nas gramaturas de 180g e 240g, e duplex nas gramaturas de 190g, 225g e 300g. Pode ser impressa dos dois lados com acabamentos sofisticados, como Hot-Stamping, lamina\u00e7\u00e3o e plastifica\u00e7\u00e3o.<\/p>\t\t\t\t\t\t\t\t<\/div>\n\t\t\t\t<\/div>\n\t\t\t\t<\/div>\n\t\t<div class=\"elementor-element elementor-element-7d5b7be2 e-con-full e-flex e-con e-child\" data-id=\"7d5b7be2\" data-element_type=\"container\" data-e-type=\"container\">\n\t\t\t\t<div class=\"elementor-element elementor-element-5a6a59cf elementor-widget elementor-widget-image\" data-id=\"5a6a59cf\" data-element_type=\"widget\" data-e-type=\"widget\" data-widget_type=\"image.default\">\n\t\t\t\t<div class=\"elementor-widget-container\">\n\t\t\t\t\t\t\t\t\t\t\t\t\t\t\t<img fetchpriority=\"high\" decoding=\"async\" width=\"538\" height=\"477\" src=\"https:\/\/vifran.com.br\/wp-content\/uploads\/2023\/07\/Placement-Area-ASSETsmallSIZEDefaultSTATEDEFAULT-16.jpg\" class=\"attachment-full size-full wp-image-2413\" alt=\"\" srcset=\"https:\/\/vifran.com.br\/wp-content\/uploads\/2023\/07\/Placement-Area-ASSETsmallSIZEDefaultSTATEDEFAULT-16.jpg 538w, https:\/\/vifran.com.br\/wp-content\/uploads\/2023\/07\/Placement-Area-ASSETsmallSIZEDefaultSTATEDEFAULT-16-300x266.jpg 300w\" sizes=\"(max-width: 538px) 100vw, 538px\" \/>\t\t\t\t\t\t\t\t\t\t\t\t\t\t\t<\/div>\n\t\t\t\t<\/div>\n\t\t\t\t<\/div>\n\t\t\t\t\t<\/div>\n\t\t\t\t<\/div>\n\t\t<div class=\"elementor-element elementor-element-4f7c545b e-flex e-con-boxed e-con e-parent\" data-id=\"4f7c545b\" data-element_type=\"container\" data-e-type=\"container\">\n\t\t\t\t\t<div class=\"e-con-inner\">\n\t\t<div class=\"elementor-element elementor-element-2e6d9add e-con-full e-flex e-con e-child\" data-id=\"2e6d9add\" data-element_type=\"container\" data-e-type=\"container\">\n\t\t\t\t<div class=\"elementor-element elementor-element-14d59465 elementor-widget__width-inherit elementor-widget elementor-widget-image\" data-id=\"14d59465\" data-element_type=\"widget\" data-e-type=\"widget\" data-widget_type=\"image.default\">\n\t\t\t\t<div class=\"elementor-widget-container\">\n\t\t\t\t\t\t\t\t\t\t\t\t\t\t\t<img decoding=\"async\" width=\"538\" height=\"477\" data-src=\"https:\/\/vifran.com.br\/wp-content\/uploads\/2023\/07\/Placement-Area-ASSETsmallSIZEDefaultSTATEDEFAULT-18.jpg\" class=\"attachment-medium_large size-medium_large wp-image-2415 lazyload\" alt=\"\" data-srcset=\"https:\/\/vifran.com.br\/wp-content\/uploads\/2023\/07\/Placement-Area-ASSETsmallSIZEDefaultSTATEDEFAULT-18.jpg 538w, https:\/\/vifran.com.br\/wp-content\/uploads\/2023\/07\/Placement-Area-ASSETsmallSIZEDefaultSTATEDEFAULT-18-300x266.jpg 300w\" data-sizes=\"(max-width: 538px) 100vw, 538px\" src=\"data:image\/svg+xml;base64,PHN2ZyB3aWR0aD0iMSIgaGVpZ2h0PSIxIiB4bWxucz0iaHR0cDovL3d3dy53My5vcmcvMjAwMC9zdmciPjwvc3ZnPg==\" style=\"--smush-placeholder-width: 538px; --smush-placeholder-aspect-ratio: 538\/477;\" \/>\t\t\t\t\t\t\t\t\t\t\t\t\t\t\t<\/div>\n\t\t\t\t<\/div>\n\t\t\t\t<\/div>\n\t\t<div class=\"elementor-element elementor-element-5384f408 e-con-full e-flex e-con e-child\" data-id=\"5384f408\" data-element_type=\"container\" data-e-type=\"container\">\n\t\t\t\t<div class=\"elementor-element elementor-element-29126763 elementor-widget__width-inherit elementor-widget elementor-widget-image\" data-id=\"29126763\" data-element_type=\"widget\" data-e-type=\"widget\" data-widget_type=\"image.default\">\n\t\t\t\t<div class=\"elementor-widget-container\">\n\t\t\t\t\t\t\t\t\t\t\t\t\t\t\t<img decoding=\"async\" width=\"538\" height=\"477\" data-src=\"https:\/\/vifran.com.br\/wp-content\/uploads\/2023\/07\/Placement-Area-ASSETsmallSIZEDefaultSTATEDEFAULT-19.jpg\" class=\"attachment-medium_large size-medium_large wp-image-2416 lazyload\" alt=\"\" data-srcset=\"https:\/\/vifran.com.br\/wp-content\/uploads\/2023\/07\/Placement-Area-ASSETsmallSIZEDefaultSTATEDEFAULT-19.jpg 538w, https:\/\/vifran.com.br\/wp-content\/uploads\/2023\/07\/Placement-Area-ASSETsmallSIZEDefaultSTATEDEFAULT-19-300x266.jpg 300w\" data-sizes=\"(max-width: 538px) 100vw, 538px\" src=\"data:image\/svg+xml;base64,PHN2ZyB3aWR0aD0iMSIgaGVpZ2h0PSIxIiB4bWxucz0iaHR0cDovL3d3dy53My5vcmcvMjAwMC9zdmciPjwvc3ZnPg==\" style=\"--smush-placeholder-width: 538px; --smush-placeholder-aspect-ratio: 538\/477;\" \/>\t\t\t\t\t\t\t\t\t\t\t\t\t\t\t<\/div>\n\t\t\t\t<\/div>\n\t\t\t\t<\/div>\n\t\t\t\t\t<\/div>\n\t\t\t\t<\/div>\n\t\t<div class=\"elementor-element elementor-element-435cef32 e-flex e-con-boxed e-con e-parent\" data-id=\"435cef32\" data-element_type=\"container\" data-e-type=\"container\">\n\t\t\t\t\t<div class=\"e-con-inner\">\n\t\t<div class=\"elementor-element elementor-element-18813d1b e-con-full e-flex e-con e-child\" data-id=\"18813d1b\" data-element_type=\"container\" data-e-type=\"container\">\n\t\t\t\t<div class=\"elementor-element elementor-element-39716eab elementor-widget__width-inherit elementor-widget elementor-widget-image\" data-id=\"39716eab\" data-element_type=\"widget\" data-e-type=\"widget\" data-widget_type=\"image.default\">\n\t\t\t\t<div class=\"elementor-widget-container\">\n\t\t\t\t\t\t\t\t\t\t\t\t\t\t\t<img decoding=\"async\" width=\"1096\" height=\"477\" data-src=\"https:\/\/vifran.com.br\/wp-content\/uploads\/2023\/07\/Placement-Area-ASSETsmallSIZEDefaultSTATEDEFAULT-17.jpg\" class=\"attachment-full size-full wp-image-2414 lazyload\" alt=\"\" data-srcset=\"https:\/\/vifran.com.br\/wp-content\/uploads\/2023\/07\/Placement-Area-ASSETsmallSIZEDefaultSTATEDEFAULT-17.jpg 1096w, https:\/\/vifran.com.br\/wp-content\/uploads\/2023\/07\/Placement-Area-ASSETsmallSIZEDefaultSTATEDEFAULT-17-300x131.jpg 300w, https:\/\/vifran.com.br\/wp-content\/uploads\/2023\/07\/Placement-Area-ASSETsmallSIZEDefaultSTATEDEFAULT-17-1024x446.jpg 1024w, https:\/\/vifran.com.br\/wp-content\/uploads\/2023\/07\/Placement-Area-ASSETsmallSIZEDefaultSTATEDEFAULT-17-768x334.jpg 768w\" data-sizes=\"(max-width: 1096px) 100vw, 1096px\" src=\"data:image\/svg+xml;base64,PHN2ZyB3aWR0aD0iMSIgaGVpZ2h0PSIxIiB4bWxucz0iaHR0cDovL3d3dy53My5vcmcvMjAwMC9zdmciPjwvc3ZnPg==\" style=\"--smush-placeholder-width: 1096px; --smush-placeholder-aspect-ratio: 1096\/477;\" \/>\t\t\t\t\t\t\t\t\t\t\t\t\t\t\t<\/div>\n\t\t\t\t<\/div>\n\t\t\t\t<\/div>\n\t\t\t\t\t<\/div>\n\t\t\t\t<\/div>\n\t\t<div class=\"elementor-element elementor-element-a67dc99 e-flex e-con-boxed e-con e-parent\" data-id=\"a67dc99\" data-element_type=\"container\" data-e-type=\"container\">\n\t\t\t\t\t<div class=\"e-con-inner\">\n\t\t<div class=\"elementor-element elementor-element-6a72c9e e-con-full e-flex e-con e-child\" data-id=\"6a72c9e\" data-element_type=\"container\" data-e-type=\"container\">\n\t\t\t\t<div class=\"elementor-element elementor-element-1218a9b elementor-widget__width-inherit elementor-widget elementor-widget-image\" data-id=\"1218a9b\" data-element_type=\"widget\" data-e-type=\"widget\" data-widget_type=\"image.default\">\n\t\t\t\t<div class=\"elementor-widget-container\">\n\t\t\t\t\t\t\t\t\t\t\t\t\t\t\t<img decoding=\"async\" width=\"768\" height=\"512\" data-src=\"https:\/\/vifran.com.br\/wp-content\/uploads\/2025\/03\/Sauer-1-768x512.jpg\" class=\"attachment-medium_large size-medium_large wp-image-3754 lazyload\" alt=\"\" data-srcset=\"https:\/\/vifran.com.br\/wp-content\/uploads\/2025\/03\/Sauer-1-768x512.jpg 768w, https:\/\/vifran.com.br\/wp-content\/uploads\/2025\/03\/Sauer-1-300x200.jpg 300w, https:\/\/vifran.com.br\/wp-content\/uploads\/2025\/03\/Sauer-1.jpg 900w\" data-sizes=\"(max-width: 768px) 100vw, 768px\" src=\"data:image\/svg+xml;base64,PHN2ZyB3aWR0aD0iMSIgaGVpZ2h0PSIxIiB4bWxucz0iaHR0cDovL3d3dy53My5vcmcvMjAwMC9zdmciPjwvc3ZnPg==\" style=\"--smush-placeholder-width: 768px; --smush-placeholder-aspect-ratio: 768\/512;\" \/>\t\t\t\t\t\t\t\t\t\t\t\t\t\t\t<\/div>\n\t\t\t\t<\/div>\n\t\t\t\t<\/div>\n\t\t<div class=\"elementor-element elementor-element-6fa3502 e-con-full e-flex e-con e-child\" data-id=\"6fa3502\" data-element_type=\"container\" data-e-type=\"container\">\n\t\t\t\t<div class=\"elementor-element elementor-element-affabba elementor-widget__width-inherit elementor-widget elementor-widget-image\" data-id=\"affabba\" data-element_type=\"widget\" data-e-type=\"widget\" data-widget_type=\"image.default\">\n\t\t\t\t<div class=\"elementor-widget-container\">\n\t\t\t\t\t\t\t\t\t\t\t\t\t\t\t<img decoding=\"async\" width=\"768\" height=\"512\" data-src=\"https:\/\/vifran.com.br\/wp-content\/uploads\/2025\/03\/Sauer-2-1-768x512.jpg\" class=\"attachment-medium_large size-medium_large wp-image-3755 lazyload\" alt=\"\" data-srcset=\"https:\/\/vifran.com.br\/wp-content\/uploads\/2025\/03\/Sauer-2-1-768x512.jpg 768w, https:\/\/vifran.com.br\/wp-content\/uploads\/2025\/03\/Sauer-2-1-300x200.jpg 300w, https:\/\/vifran.com.br\/wp-content\/uploads\/2025\/03\/Sauer-2-1.jpg 900w\" data-sizes=\"(max-width: 768px) 100vw, 768px\" src=\"data:image\/svg+xml;base64,PHN2ZyB3aWR0aD0iMSIgaGVpZ2h0PSIxIiB4bWxucz0iaHR0cDovL3d3dy53My5vcmcvMjAwMC9zdmciPjwvc3ZnPg==\" style=\"--smush-placeholder-width: 768px; --smush-placeholder-aspect-ratio: 768\/512;\" \/>\t\t\t\t\t\t\t\t\t\t\t\t\t\t\t<\/div>\n\t\t\t\t<\/div>\n\t\t\t\t<\/div>\n\t\t\t\t\t<\/div>\n\t\t\t\t<\/div>\n\t\t<div class=\"elementor-element elementor-element-60681841 e-flex e-con-boxed e-con e-parent\" data-id=\"60681841\" data-element_type=\"container\" data-e-type=\"container\">\n\t\t\t\t\t<div class=\"e-con-inner\">\n\t\t\t\t<div class=\"elementor-element elementor-element-555ee22b elementor-align-center e-transform elementor-widget__width-inherit elementor-invisible elementor-widget elementor-widget-button\" data-id=\"555ee22b\" data-element_type=\"widget\" data-e-type=\"widget\" data-settings=\"{&quot;_animation&quot;:&quot;fadeInDown&quot;,&quot;_transform_translateY_effect_hover&quot;:{&quot;unit&quot;:&quot;px&quot;,&quot;size&quot;:10,&quot;sizes&quot;:[]},&quot;_transform_translateX_effect_hover&quot;:{&quot;unit&quot;:&quot;px&quot;,&quot;size&quot;:&quot;&quot;,&quot;sizes&quot;:[]},&quot;_transform_translateX_effect_hover_tablet&quot;:{&quot;unit&quot;:&quot;px&quot;,&quot;size&quot;:&quot;&quot;,&quot;sizes&quot;:[]},&quot;_transform_translateX_effect_hover_mobile&quot;:{&quot;unit&quot;:&quot;px&quot;,&quot;size&quot;:&quot;&quot;,&quot;sizes&quot;:[]},&quot;_transform_translateY_effect_hover_tablet&quot;:{&quot;unit&quot;:&quot;px&quot;,&quot;size&quot;:&quot;&quot;,&quot;sizes&quot;:[]},&quot;_transform_translateY_effect_hover_mobile&quot;:{&quot;unit&quot;:&quot;px&quot;,&quot;size&quot;:&quot;&quot;,&quot;sizes&quot;:[]}}\" data-widget_type=\"button.default\">\n\t\t\t\t<div class=\"elementor-widget-container\">\n\t\t\t\t\t\t\t\t\t<div class=\"elementor-button-wrapper\">\n\t\t\t\t\t<a class=\"elementor-button elementor-button-link elementor-size-lg\" href=\"https:\/\/vifran.com.br\/index.php\/contato\/\">\n\t\t\t\t\t\t<span class=\"elementor-button-content-wrapper\">\n\t\t\t\t\t\t\t\t\t<span class=\"elementor-button-text\">SOLICITE UM OR\u00c7AMENTO<\/span>\n\t\t\t\t\t<\/span>\n\t\t\t\t\t<\/a>\n\t\t\t\t<\/div>\n\t\t\t\t\t\t\t\t<\/div>\n\t\t\t\t<\/div>\n\t\t\t\t\t<\/div>\n\t\t\t\t<\/div>\n\t\t\t\t<\/div>\n\t\t","protected":false},"excerpt":{"rendered":"<p>Caixa Ecommerce Qualidade com resist\u00eancia a Caixa Ecommerce s\u00e3o confeccionadas com pap\u00e9is de alta gramatura Kraft, Offset e cart\u00e3o Duplex. Com \u00f3timo acabamento e impress\u00e3o tanto externa quanto interna a Caixa Ecommerce oferece a experi\u00eancia da loja na casa do seu cliente. Caixa Ecommerce Oferecemos a caixa E-commerce, perfeita para suas necessidades de embalagem. Essa [&hellip;]<\/p>\n","protected":false},"author":8,"featured_media":0,"parent":2,"menu_order":0,"comment_status":"closed","ping_status":"closed","template":"","meta":{"inline_featured_image":false,"footnotes":""},"class_list":["post-2407","page","type-page","status-publish","hentry"],"_links":{"self":[{"href":"https:\/\/vifran.com.br\/index.php\/wp-json\/wp\/v2\/pages\/2407","targetHints":{"allow":["GET"]}}],"collection":[{"href":"https:\/\/vifran.com.br\/index.php\/wp-json\/wp\/v2\/pages"}],"about":[{"href":"https:\/\/vifran.com.br\/index.php\/wp-json\/wp\/v2\/types\/page"}],"author":[{"embeddable":true,"href":"https:\/\/vifran.com.br\/index.php\/wp-json\/wp\/v2\/users\/8"}],"replies":[{"embeddable":true,"href":"https:\/\/vifran.com.br\/index.php\/wp-json\/wp\/v2\/comments?post=2407"}],"version-history":[{"count":45,"href":"https:\/\/vifran.com.br\/index.php\/wp-json\/wp\/v2\/pages\/2407\/revisions"}],"predecessor-version":[{"id":3758,"href":"https:\/\/vifran.com.br\/index.php\/wp-json\/wp\/v2\/pages\/2407\/revisions\/3758"}],"up":[{"embeddable":true,"href":"https:\/\/vifran.com.br\/index.php\/wp-json\/wp\/v2\/pages\/2"}],"wp:attachment":[{"href":"https:\/\/vifran.com.br\/index.php\/wp-json\/wp\/v2\/media?parent=2407"}],"curies":[{"name":"wp","href":"https:\/\/api.w.org\/{rel}","templated":true}]}}