{"id":3683,"date":"2025-03-25T18:16:13","date_gmt":"2025-03-25T18:16:13","guid":{"rendered":"https:\/\/vifran.com.br\/?page_id=3683"},"modified":"2025-03-25T18:35:06","modified_gmt":"2025-03-25T18:35:06","slug":"linha-digital","status":"publish","type":"page","link":"https:\/\/vifran.com.br\/index.php\/pagina-inicial\/produtos\/linha-digital\/","title":{"rendered":"Linha Digital"},"content":{"rendered":"\t\t<div data-elementor-type=\"wp-page\" data-elementor-id=\"3683\" class=\"elementor elementor-3683\" data-elementor-post-type=\"page\">\n\t\t\t\t<div class=\"elementor-element elementor-element-e3f9b11 e-con-full e-flex e-con e-parent\" data-id=\"e3f9b11\" data-element_type=\"container\" data-e-type=\"container\" data-settings=\"{&quot;background_background&quot;:&quot;classic&quot;}\">\n\t\t<div class=\"elementor-element elementor-element-8b766db e-con-full e-flex e-con e-child\" data-id=\"8b766db\" data-element_type=\"container\" data-e-type=\"container\">\n\t\t\t\t<div class=\"elementor-element elementor-element-851c41d elementor-headline--style-rotate elementor-widget__width-inherit elementor-widget elementor-widget-animated-headline\" data-id=\"851c41d\" data-element_type=\"widget\" data-e-type=\"widget\" data-settings=\"{&quot;headline_style&quot;:&quot;rotate&quot;,&quot;rotating_text&quot;:&quot;Linha Digital&quot;,&quot;rotate_iteration_delay&quot;:1000,&quot;animation_type&quot;:&quot;typing&quot;,&quot;loop&quot;:&quot;yes&quot;}\" data-widget_type=\"animated-headline.default\">\n\t\t\t\t<div class=\"elementor-widget-container\">\n\t\t\t\t\t\t\t<h1 class=\"elementor-headline elementor-headline-animation-type-typing elementor-headline-letters\">\n\t\t\t\t<span class=\"elementor-headline-dynamic-wrapper elementor-headline-text-wrapper\">\n\t\t\t\t\t<span class=\"elementor-headline-dynamic-text elementor-headline-text-active\">\n\t\t\t\tLinha&nbsp;Digital\t\t\t<\/span>\n\t\t\t\t\t\t<\/span>\n\t\t\t\t<\/h1>\n\t\t\t\t\t\t<\/div>\n\t\t\t\t<\/div>\n\t\t\t\t<div class=\"elementor-element elementor-element-a8c7db4 elementor-widget elementor-widget-text-editor\" data-id=\"a8c7db4\" data-element_type=\"widget\" data-e-type=\"widget\" data-widget_type=\"text-editor.default\">\n\t\t\t\t<div class=\"elementor-widget-container\">\n\t\t\t\t\t\t\t\t\t<p>A impress\u00e3o digital transforma sacolas e embalagens em ferramentas de branding. Com alta defini\u00e7\u00e3o, personaliza\u00e7\u00e3o total e produ\u00e7\u00e3o \u00e1gil, \u00e9 ideal para a\u00e7\u00f5es promocionais, influenciadores e visual merchandising.<\/p>\t\t\t\t\t\t\t\t<\/div>\n\t\t\t\t<\/div>\n\t\t\t\t<\/div>\n\t\t\t\t<\/div>\n\t\t<div class=\"elementor-element elementor-element-5217c36 e-flex e-con-boxed e-con e-parent\" data-id=\"5217c36\" data-element_type=\"container\" data-e-type=\"container\" id=\"inicio\">\n\t\t\t\t\t<div class=\"e-con-inner\">\n\t\t<div class=\"elementor-element elementor-element-e6bf354 e-con-full e-flex e-con e-child\" data-id=\"e6bf354\" data-element_type=\"container\" data-e-type=\"container\">\n\t\t\t\t<div class=\"elementor-element elementor-element-2977bd3 elementor-widget elementor-widget-heading\" data-id=\"2977bd3\" data-element_type=\"widget\" data-e-type=\"widget\" data-widget_type=\"heading.default\">\n\t\t\t\t<div class=\"elementor-widget-container\">\n\t\t\t\t\t<h2 class=\"elementor-heading-title elementor-size-default\">Linha Digital<\/h2>\t\t\t\t<\/div>\n\t\t\t\t<\/div>\n\t\t\t\t<div class=\"elementor-element elementor-element-902180b elementor-widget elementor-widget-text-editor\" data-id=\"902180b\" data-element_type=\"widget\" data-e-type=\"widget\" data-widget_type=\"text-editor.default\">\n\t\t\t\t<div class=\"elementor-widget-container\">\n\t\t\t\t\t\t\t\t\t<p>A impress\u00e3o digital vem transformando o setor de embalagens e sacolas personalizadas, oferecendo mais agilidade e efici\u00eancia. Sem a necessidade de grandes lotes m\u00ednimos, marcas podem produzir embalagens de edi\u00e7\u00e3o limitada, testar novas identidades visuais e atender demandas sazonais com maior rapidez. Al\u00e9m disso, o processo digital minimiza desperd\u00edcios, contribuindo para uma produ\u00e7\u00e3o mais sustent\u00e1vel e alinhada \u00e0s pr\u00e1ticas de ESG.<\/p>\t\t\t\t\t\t\t\t<\/div>\n\t\t\t\t<\/div>\n\t\t\t\t<\/div>\n\t\t<div class=\"elementor-element elementor-element-7356ed9 e-con-full e-flex e-con e-child\" data-id=\"7356ed9\" data-element_type=\"container\" data-e-type=\"container\">\n\t\t\t\t<div class=\"elementor-element elementor-element-320e41a elementor-widget elementor-widget-image\" data-id=\"320e41a\" data-element_type=\"widget\" data-e-type=\"widget\" data-widget_type=\"image.default\">\n\t\t\t\t<div class=\"elementor-widget-container\">\n\t\t\t\t\t\t\t\t\t\t\t\t\t\t\t<img fetchpriority=\"high\" decoding=\"async\" width=\"900\" height=\"600\" src=\"https:\/\/vifran.com.br\/wp-content\/uploads\/2025\/03\/Loft.jpg\" class=\"attachment-full size-full wp-image-3706\" alt=\"\" srcset=\"https:\/\/vifran.com.br\/wp-content\/uploads\/2025\/03\/Loft.jpg 900w, https:\/\/vifran.com.br\/wp-content\/uploads\/2025\/03\/Loft-300x200.jpg 300w, https:\/\/vifran.com.br\/wp-content\/uploads\/2025\/03\/Loft-768x512.jpg 768w\" sizes=\"(max-width: 900px) 100vw, 900px\" \/>\t\t\t\t\t\t\t\t\t\t\t\t\t\t\t<\/div>\n\t\t\t\t<\/div>\n\t\t\t\t<\/div>\n\t\t\t\t\t<\/div>\n\t\t\t\t<\/div>\n\t\t<div class=\"elementor-element elementor-element-53a2a54 e-flex e-con-boxed e-con e-parent\" data-id=\"53a2a54\" data-element_type=\"container\" data-e-type=\"container\">\n\t\t\t\t\t<div class=\"e-con-inner\">\n\t\t<div class=\"elementor-element elementor-element-0fcbdc1 e-con-full e-flex e-con e-child\" data-id=\"0fcbdc1\" data-element_type=\"container\" data-e-type=\"container\">\n\t\t\t\t<div class=\"elementor-element elementor-element-c6ad06e elementor-widget__width-inherit elementor-widget elementor-widget-image\" data-id=\"c6ad06e\" data-element_type=\"widget\" data-e-type=\"widget\" data-widget_type=\"image.default\">\n\t\t\t\t<div class=\"elementor-widget-container\">\n\t\t\t\t\t\t\t\t\t\t\t\t\t\t\t<img decoding=\"async\" width=\"1200\" height=\"800\" data-src=\"https:\/\/vifran.com.br\/wp-content\/uploads\/2025\/03\/twenty.jpg\" class=\"attachment-full size-full wp-image-3710 lazyload\" alt=\"\" data-srcset=\"https:\/\/vifran.com.br\/wp-content\/uploads\/2025\/03\/twenty.jpg 1200w, https:\/\/vifran.com.br\/wp-content\/uploads\/2025\/03\/twenty-300x200.jpg 300w, https:\/\/vifran.com.br\/wp-content\/uploads\/2025\/03\/twenty-1024x683.jpg 1024w, https:\/\/vifran.com.br\/wp-content\/uploads\/2025\/03\/twenty-768x512.jpg 768w\" data-sizes=\"(max-width: 1200px) 100vw, 1200px\" src=\"data:image\/svg+xml;base64,PHN2ZyB3aWR0aD0iMSIgaGVpZ2h0PSIxIiB4bWxucz0iaHR0cDovL3d3dy53My5vcmcvMjAwMC9zdmciPjwvc3ZnPg==\" style=\"--smush-placeholder-width: 1200px; --smush-placeholder-aspect-ratio: 1200\/800;\" \/>\t\t\t\t\t\t\t\t\t\t\t\t\t\t\t<\/div>\n\t\t\t\t<\/div>\n\t\t\t\t<\/div>\n\t\t\t\t\t<\/div>\n\t\t\t\t<\/div>\n\t\t<div class=\"elementor-element elementor-element-cc93f77 e-flex e-con-boxed e-con e-parent\" data-id=\"cc93f77\" data-element_type=\"container\" data-e-type=\"container\">\n\t\t\t\t\t<div class=\"e-con-inner\">\n\t\t<div class=\"elementor-element elementor-element-ae3fdce e-con-full e-flex e-con e-child\" data-id=\"ae3fdce\" data-element_type=\"container\" data-e-type=\"container\">\n\t\t\t\t<div class=\"elementor-element elementor-element-179b78e elementor-widget__width-inherit elementor-widget elementor-widget-image\" data-id=\"179b78e\" data-element_type=\"widget\" data-e-type=\"widget\" data-widget_type=\"image.default\">\n\t\t\t\t<div class=\"elementor-widget-container\">\n\t\t\t\t\t\t\t\t\t\t\t\t\t\t\t<img decoding=\"async\" width=\"1200\" height=\"800\" data-src=\"https:\/\/vifran.com.br\/wp-content\/uploads\/2025\/03\/La-Rouge.jpg\" class=\"attachment-full size-full wp-image-3711 lazyload\" alt=\"\" data-srcset=\"https:\/\/vifran.com.br\/wp-content\/uploads\/2025\/03\/La-Rouge.jpg 1200w, https:\/\/vifran.com.br\/wp-content\/uploads\/2025\/03\/La-Rouge-300x200.jpg 300w, https:\/\/vifran.com.br\/wp-content\/uploads\/2025\/03\/La-Rouge-1024x683.jpg 1024w, https:\/\/vifran.com.br\/wp-content\/uploads\/2025\/03\/La-Rouge-768x512.jpg 768w\" data-sizes=\"(max-width: 1200px) 100vw, 1200px\" src=\"data:image\/svg+xml;base64,PHN2ZyB3aWR0aD0iMSIgaGVpZ2h0PSIxIiB4bWxucz0iaHR0cDovL3d3dy53My5vcmcvMjAwMC9zdmciPjwvc3ZnPg==\" style=\"--smush-placeholder-width: 1200px; --smush-placeholder-aspect-ratio: 1200\/800;\" \/>\t\t\t\t\t\t\t\t\t\t\t\t\t\t\t<\/div>\n\t\t\t\t<\/div>\n\t\t\t\t<\/div>\n\t\t\t\t\t<\/div>\n\t\t\t\t<\/div>\n\t\t<div class=\"elementor-element elementor-element-8e69548 e-flex e-con-boxed e-con e-parent\" data-id=\"8e69548\" data-element_type=\"container\" data-e-type=\"container\">\n\t\t\t\t\t<div class=\"e-con-inner\">\n\t\t\t\t<div class=\"elementor-element elementor-element-b77afa1 elementor-align-center e-transform elementor-widget__width-inherit elementor-invisible elementor-widget elementor-widget-button\" data-id=\"b77afa1\" data-element_type=\"widget\" data-e-type=\"widget\" data-settings=\"{&quot;_animation&quot;:&quot;fadeInDown&quot;,&quot;_transform_translateY_effect_hover&quot;:{&quot;unit&quot;:&quot;px&quot;,&quot;size&quot;:10,&quot;sizes&quot;:[]},&quot;_transform_translateX_effect_hover&quot;:{&quot;unit&quot;:&quot;px&quot;,&quot;size&quot;:&quot;&quot;,&quot;sizes&quot;:[]},&quot;_transform_translateX_effect_hover_tablet&quot;:{&quot;unit&quot;:&quot;px&quot;,&quot;size&quot;:&quot;&quot;,&quot;sizes&quot;:[]},&quot;_transform_translateX_effect_hover_mobile&quot;:{&quot;unit&quot;:&quot;px&quot;,&quot;size&quot;:&quot;&quot;,&quot;sizes&quot;:[]},&quot;_transform_translateY_effect_hover_tablet&quot;:{&quot;unit&quot;:&quot;px&quot;,&quot;size&quot;:&quot;&quot;,&quot;sizes&quot;:[]},&quot;_transform_translateY_effect_hover_mobile&quot;:{&quot;unit&quot;:&quot;px&quot;,&quot;size&quot;:&quot;&quot;,&quot;sizes&quot;:[]}}\" data-widget_type=\"button.default\">\n\t\t\t\t<div class=\"elementor-widget-container\">\n\t\t\t\t\t\t\t\t\t<div class=\"elementor-button-wrapper\">\n\t\t\t\t\t<a class=\"elementor-button elementor-button-link elementor-size-lg\" href=\"https:\/\/vifran.com.br\/index.php\/contato\/\">\n\t\t\t\t\t\t<span class=\"elementor-button-content-wrapper\">\n\t\t\t\t\t\t\t\t\t<span class=\"elementor-button-text\">SOLICITE UM OR\u00c7AMENTO<\/span>\n\t\t\t\t\t<\/span>\n\t\t\t\t\t<\/a>\n\t\t\t\t<\/div>\n\t\t\t\t\t\t\t\t<\/div>\n\t\t\t\t<\/div>\n\t\t\t\t\t<\/div>\n\t\t\t\t<\/div>\n\t\t\t\t<\/div>\n\t\t","protected":false},"excerpt":{"rendered":"<p>Linha&nbsp;Digital A impress\u00e3o digital transforma sacolas e embalagens em ferramentas de branding. Com alta defini\u00e7\u00e3o, personaliza\u00e7\u00e3o total e produ\u00e7\u00e3o \u00e1gil, \u00e9 ideal para a\u00e7\u00f5es promocionais, influenciadores e visual merchandising. Linha Digital A impress\u00e3o digital vem transformando o setor de embalagens e sacolas personalizadas, oferecendo mais agilidade e efici\u00eancia. Sem a necessidade de grandes lotes m\u00ednimos, [&hellip;]<\/p>\n","protected":false},"author":9,"featured_media":0,"parent":2,"menu_order":0,"comment_status":"closed","ping_status":"closed","template":"","meta":{"inline_featured_image":false,"footnotes":""},"class_list":["post-3683","page","type-page","status-publish","hentry"],"_links":{"self":[{"href":"https:\/\/vifran.com.br\/index.php\/wp-json\/wp\/v2\/pages\/3683","targetHints":{"allow":["GET"]}}],"collection":[{"href":"https:\/\/vifran.com.br\/index.php\/wp-json\/wp\/v2\/pages"}],"about":[{"href":"https:\/\/vifran.com.br\/index.php\/wp-json\/wp\/v2\/types\/page"}],"author":[{"embeddable":true,"href":"https:\/\/vifran.com.br\/index.php\/wp-json\/wp\/v2\/users\/9"}],"replies":[{"embeddable":true,"href":"https:\/\/vifran.com.br\/index.php\/wp-json\/wp\/v2\/comments?post=3683"}],"version-history":[{"count":9,"href":"https:\/\/vifran.com.br\/index.php\/wp-json\/wp\/v2\/pages\/3683\/revisions"}],"predecessor-version":[{"id":3714,"href":"https:\/\/vifran.com.br\/index.php\/wp-json\/wp\/v2\/pages\/3683\/revisions\/3714"}],"up":[{"embeddable":true,"href":"https:\/\/vifran.com.br\/index.php\/wp-json\/wp\/v2\/pages\/2"}],"wp:attachment":[{"href":"https:\/\/vifran.com.br\/index.php\/wp-json\/wp\/v2\/media?parent=3683"}],"curies":[{"name":"wp","href":"https:\/\/api.w.org\/{rel}","templated":true}]}}