{"id":3715,"date":"2025-03-25T18:35:32","date_gmt":"2025-03-25T18:35:32","guid":{"rendered":"https:\/\/vifran.com.br\/?page_id=3715"},"modified":"2025-03-25T18:40:56","modified_gmt":"2025-03-25T18:40:56","slug":"linha-delivery","status":"publish","type":"page","link":"https:\/\/vifran.com.br\/index.php\/pagina-inicial\/produtos\/linha-delivery\/","title":{"rendered":"Linha Delivery"},"content":{"rendered":"\t\t<div data-elementor-type=\"wp-page\" data-elementor-id=\"3715\" class=\"elementor elementor-3715\" data-elementor-post-type=\"page\">\n\t\t\t\t<div class=\"elementor-element elementor-element-e3f9b11 e-con-full e-flex e-con e-parent\" data-id=\"e3f9b11\" data-element_type=\"container\" data-e-type=\"container\" data-settings=\"{&quot;background_background&quot;:&quot;classic&quot;}\">\n\t\t<div class=\"elementor-element elementor-element-8b766db e-con-full e-flex e-con e-child\" data-id=\"8b766db\" data-element_type=\"container\" data-e-type=\"container\">\n\t\t\t\t<div class=\"elementor-element elementor-element-851c41d elementor-headline--style-rotate elementor-widget__width-inherit elementor-widget elementor-widget-animated-headline\" data-id=\"851c41d\" data-element_type=\"widget\" data-e-type=\"widget\" data-settings=\"{&quot;headline_style&quot;:&quot;rotate&quot;,&quot;rotating_text&quot;:&quot;Linha Delivery&quot;,&quot;rotate_iteration_delay&quot;:1000,&quot;animation_type&quot;:&quot;typing&quot;,&quot;loop&quot;:&quot;yes&quot;}\" data-widget_type=\"animated-headline.default\">\n\t\t\t\t<div class=\"elementor-widget-container\">\n\t\t\t\t\t\t\t<h1 class=\"elementor-headline elementor-headline-animation-type-typing elementor-headline-letters\">\n\t\t\t\t<span class=\"elementor-headline-dynamic-wrapper elementor-headline-text-wrapper\">\n\t\t\t\t\t<span class=\"elementor-headline-dynamic-text elementor-headline-text-active\">\n\t\t\t\tLinha&nbsp;Delivery\t\t\t<\/span>\n\t\t\t\t\t\t<\/span>\n\t\t\t\t<\/h1>\n\t\t\t\t\t\t<\/div>\n\t\t\t\t<\/div>\n\t\t\t\t<div class=\"elementor-element elementor-element-a8c7db4 elementor-widget elementor-widget-text-editor\" data-id=\"a8c7db4\" data-element_type=\"widget\" data-e-type=\"widget\" data-widget_type=\"text-editor.default\">\n\t\t\t\t<div class=\"elementor-widget-container\">\n\t\t\t\t\t\t\t\t\t<p>Ideal para o setor de gastronomia, proporcionando uma experi\u00eancia confi\u00e1vel tanto para restaurantes quanto para supermercados e emp\u00f3rios. Al\u00e9m de funcionais, s\u00e3o sustent\u00e1veis e podem ser personalizadas, agregando valor \u00e0 marca e refor\u00e7ando a identidade visual do neg\u00f3cio.<\/p>\t\t\t\t\t\t\t\t<\/div>\n\t\t\t\t<\/div>\n\t\t\t\t<\/div>\n\t\t\t\t<\/div>\n\t\t<div class=\"elementor-element elementor-element-5217c36 e-flex e-con-boxed e-con e-parent\" data-id=\"5217c36\" data-element_type=\"container\" data-e-type=\"container\" id=\"inicio\">\n\t\t\t\t\t<div class=\"e-con-inner\">\n\t\t<div class=\"elementor-element elementor-element-e6bf354 e-con-full e-flex e-con e-child\" data-id=\"e6bf354\" data-element_type=\"container\" data-e-type=\"container\">\n\t\t\t\t<div class=\"elementor-element elementor-element-2977bd3 elementor-widget elementor-widget-heading\" data-id=\"2977bd3\" data-element_type=\"widget\" data-e-type=\"widget\" data-widget_type=\"heading.default\">\n\t\t\t\t<div class=\"elementor-widget-container\">\n\t\t\t\t\t<h2 class=\"elementor-heading-title elementor-size-default\">Linha Delivery<\/h2>\t\t\t\t<\/div>\n\t\t\t\t<\/div>\n\t\t\t\t<div class=\"elementor-element elementor-element-902180b elementor-widget elementor-widget-text-editor\" data-id=\"902180b\" data-element_type=\"widget\" data-e-type=\"widget\" data-widget_type=\"text-editor.default\">\n\t\t\t\t<div class=\"elementor-widget-container\">\n\t\t\t\t\t\t\t\t\t<p>As sacolas para delivery s\u00e3o desenvolvidas para oferecer maior resist\u00eancia e praticidade no transporte de alimentos. Com um fundo ampliado de at\u00e9 20 cm, elas garantem estabilidade e acomoda\u00e7\u00e3o adequada dos pedidos, evitando tombamentos e preservando a integridade dos produtos at\u00e9 a entrega. Al\u00e9m disso, o uso desses substratos reduzem a necessidade de recursos n\u00e3o renov\u00e1veis e minimiza desperd\u00edcios, contribuindo para uma produ\u00e7\u00e3o mais eficiente e alinhada aos princ\u00edpios de ESG.<\/p>\t\t\t\t\t\t\t\t<\/div>\n\t\t\t\t<\/div>\n\t\t\t\t<\/div>\n\t\t<div class=\"elementor-element elementor-element-7356ed9 e-con-full e-flex e-con e-child\" data-id=\"7356ed9\" data-element_type=\"container\" data-e-type=\"container\">\n\t\t\t\t<div class=\"elementor-element elementor-element-320e41a elementor-widget elementor-widget-image\" data-id=\"320e41a\" data-element_type=\"widget\" data-e-type=\"widget\" data-widget_type=\"image.default\">\n\t\t\t\t<div class=\"elementor-widget-container\">\n\t\t\t\t\t\t\t\t\t\t\t\t\t\t\t<img fetchpriority=\"high\" decoding=\"async\" width=\"900\" height=\"600\" src=\"https:\/\/vifran.com.br\/wp-content\/uploads\/2025\/03\/Delivery-1.jpg\" class=\"attachment-full size-full wp-image-3722\" alt=\"\" srcset=\"https:\/\/vifran.com.br\/wp-content\/uploads\/2025\/03\/Delivery-1.jpg 900w, https:\/\/vifran.com.br\/wp-content\/uploads\/2025\/03\/Delivery-1-300x200.jpg 300w, https:\/\/vifran.com.br\/wp-content\/uploads\/2025\/03\/Delivery-1-768x512.jpg 768w\" sizes=\"(max-width: 900px) 100vw, 900px\" \/>\t\t\t\t\t\t\t\t\t\t\t\t\t\t\t<\/div>\n\t\t\t\t<\/div>\n\t\t\t\t<\/div>\n\t\t\t\t\t<\/div>\n\t\t\t\t<\/div>\n\t\t<div class=\"elementor-element elementor-element-53a2a54 e-flex e-con-boxed e-con e-parent\" data-id=\"53a2a54\" data-element_type=\"container\" data-e-type=\"container\">\n\t\t\t\t\t<div class=\"e-con-inner\">\n\t\t<div class=\"elementor-element elementor-element-0fcbdc1 e-con-full e-flex e-con e-child\" data-id=\"0fcbdc1\" data-element_type=\"container\" data-e-type=\"container\">\n\t\t\t\t<div class=\"elementor-element elementor-element-c6ad06e elementor-widget__width-inherit elementor-widget elementor-widget-image\" data-id=\"c6ad06e\" data-element_type=\"widget\" data-e-type=\"widget\" data-widget_type=\"image.default\">\n\t\t\t\t<div class=\"elementor-widget-container\">\n\t\t\t\t\t\t\t\t\t\t\t\t\t\t\t<img decoding=\"async\" width=\"1200\" height=\"800\" data-src=\"https:\/\/vifran.com.br\/wp-content\/uploads\/2025\/03\/Delivery-2.jpg\" class=\"attachment-full size-full wp-image-3724 lazyload\" alt=\"\" data-srcset=\"https:\/\/vifran.com.br\/wp-content\/uploads\/2025\/03\/Delivery-2.jpg 1200w, https:\/\/vifran.com.br\/wp-content\/uploads\/2025\/03\/Delivery-2-300x200.jpg 300w, https:\/\/vifran.com.br\/wp-content\/uploads\/2025\/03\/Delivery-2-1024x683.jpg 1024w, https:\/\/vifran.com.br\/wp-content\/uploads\/2025\/03\/Delivery-2-768x512.jpg 768w\" data-sizes=\"(max-width: 1200px) 100vw, 1200px\" src=\"data:image\/svg+xml;base64,PHN2ZyB3aWR0aD0iMSIgaGVpZ2h0PSIxIiB4bWxucz0iaHR0cDovL3d3dy53My5vcmcvMjAwMC9zdmciPjwvc3ZnPg==\" style=\"--smush-placeholder-width: 1200px; --smush-placeholder-aspect-ratio: 1200\/800;\" \/>\t\t\t\t\t\t\t\t\t\t\t\t\t\t\t<\/div>\n\t\t\t\t<\/div>\n\t\t\t\t<\/div>\n\t\t\t\t\t<\/div>\n\t\t\t\t<\/div>\n\t\t<div class=\"elementor-element elementor-element-8e69548 e-flex e-con-boxed e-con e-parent\" data-id=\"8e69548\" data-element_type=\"container\" data-e-type=\"container\">\n\t\t\t\t\t<div class=\"e-con-inner\">\n\t\t\t\t<div class=\"elementor-element elementor-element-b77afa1 elementor-align-center e-transform elementor-widget__width-inherit elementor-invisible elementor-widget elementor-widget-button\" data-id=\"b77afa1\" data-element_type=\"widget\" data-e-type=\"widget\" data-settings=\"{&quot;_animation&quot;:&quot;fadeInDown&quot;,&quot;_transform_translateY_effect_hover&quot;:{&quot;unit&quot;:&quot;px&quot;,&quot;size&quot;:10,&quot;sizes&quot;:[]},&quot;_transform_translateX_effect_hover&quot;:{&quot;unit&quot;:&quot;px&quot;,&quot;size&quot;:&quot;&quot;,&quot;sizes&quot;:[]},&quot;_transform_translateX_effect_hover_tablet&quot;:{&quot;unit&quot;:&quot;px&quot;,&quot;size&quot;:&quot;&quot;,&quot;sizes&quot;:[]},&quot;_transform_translateX_effect_hover_mobile&quot;:{&quot;unit&quot;:&quot;px&quot;,&quot;size&quot;:&quot;&quot;,&quot;sizes&quot;:[]},&quot;_transform_translateY_effect_hover_tablet&quot;:{&quot;unit&quot;:&quot;px&quot;,&quot;size&quot;:&quot;&quot;,&quot;sizes&quot;:[]},&quot;_transform_translateY_effect_hover_mobile&quot;:{&quot;unit&quot;:&quot;px&quot;,&quot;size&quot;:&quot;&quot;,&quot;sizes&quot;:[]}}\" data-widget_type=\"button.default\">\n\t\t\t\t<div class=\"elementor-widget-container\">\n\t\t\t\t\t\t\t\t\t<div class=\"elementor-button-wrapper\">\n\t\t\t\t\t<a class=\"elementor-button elementor-button-link elementor-size-lg\" href=\"https:\/\/vifran.com.br\/index.php\/contato\/\">\n\t\t\t\t\t\t<span class=\"elementor-button-content-wrapper\">\n\t\t\t\t\t\t\t\t\t<span class=\"elementor-button-text\">SOLICITE UM OR\u00c7AMENTO<\/span>\n\t\t\t\t\t<\/span>\n\t\t\t\t\t<\/a>\n\t\t\t\t<\/div>\n\t\t\t\t\t\t\t\t<\/div>\n\t\t\t\t<\/div>\n\t\t\t\t\t<\/div>\n\t\t\t\t<\/div>\n\t\t\t\t<\/div>\n\t\t","protected":false},"excerpt":{"rendered":"<p>Linha&nbsp;Delivery Ideal para o setor de gastronomia, proporcionando uma experi\u00eancia confi\u00e1vel tanto para restaurantes quanto para supermercados e emp\u00f3rios. Al\u00e9m de funcionais, s\u00e3o sustent\u00e1veis e podem ser personalizadas, agregando valor \u00e0 marca e refor\u00e7ando a identidade visual do neg\u00f3cio. Linha Delivery As sacolas para delivery s\u00e3o desenvolvidas para oferecer maior resist\u00eancia e praticidade no transporte [&hellip;]<\/p>\n","protected":false},"author":9,"featured_media":0,"parent":2,"menu_order":0,"comment_status":"closed","ping_status":"closed","template":"","meta":{"inline_featured_image":false,"footnotes":""},"class_list":["post-3715","page","type-page","status-publish","hentry"],"_links":{"self":[{"href":"https:\/\/vifran.com.br\/index.php\/wp-json\/wp\/v2\/pages\/3715","targetHints":{"allow":["GET"]}}],"collection":[{"href":"https:\/\/vifran.com.br\/index.php\/wp-json\/wp\/v2\/pages"}],"about":[{"href":"https:\/\/vifran.com.br\/index.php\/wp-json\/wp\/v2\/types\/page"}],"author":[{"embeddable":true,"href":"https:\/\/vifran.com.br\/index.php\/wp-json\/wp\/v2\/users\/9"}],"replies":[{"embeddable":true,"href":"https:\/\/vifran.com.br\/index.php\/wp-json\/wp\/v2\/comments?post=3715"}],"version-history":[{"count":6,"href":"https:\/\/vifran.com.br\/index.php\/wp-json\/wp\/v2\/pages\/3715\/revisions"}],"predecessor-version":[{"id":3727,"href":"https:\/\/vifran.com.br\/index.php\/wp-json\/wp\/v2\/pages\/3715\/revisions\/3727"}],"up":[{"embeddable":true,"href":"https:\/\/vifran.com.br\/index.php\/wp-json\/wp\/v2\/pages\/2"}],"wp:attachment":[{"href":"https:\/\/vifran.com.br\/index.php\/wp-json\/wp\/v2\/media?parent=3715"}],"curies":[{"name":"wp","href":"https:\/\/api.w.org\/{rel}","templated":true}]}}